{"id":14805,"date":"2014-04-23T14:50:39","date_gmt":"2014-04-23T11:50:39","guid":{"rendered":"http:\/\/the7.dream-demo.com\/?page_id=14805"},"modified":"2022-03-30T04:32:16","modified_gmt":"2022-03-30T01:32:16","slug":"about-shop","status":"publish","type":"page","link":"https:\/\/ramrolf.lv\/lv\/about-shop\/","title":{"rendered":"Par RAMROLF"},"content":{"rendered":"<p>[vc_row type=&#8221;vc_default&#8221; margin_bottom=&#8221;10&#8243; css=&#8221;.vc_custom_1491988711759{padding-top: 60px !important;padding-bottom: 20px !important;}&#8221;][vc_column width=&#8221;1\/2&#8243; offset=&#8221;vc_col-lg-8 vc_col-md-8 vc_col-xs-12&#8243; css=&#8221;.vc_custom_1491988718573{padding-bottom: 50px !important;}&#8221;]<div id=\"ultimate-heading-2396a01f10399bdf\" class=\"uvc-heading ult-adjust-bottom-margin ultimate-heading-2396a01f10399bdf uvc-2846 \" data-hspacer=\"line_with_icon\" data-hline_width=\"230\" data-hicon_type=\"selector\" data-hborder_style=\"solid\" data-hborder_height=\"2\" data-hborder_color=\"rgba(199,199,199,0.65)\" data-icon_width=\"14\" data-hfixer=\"10\"  data-halign=\"center\" style=\"text-align:center\"><div class=\"uvc-main-heading ult-responsive\"  data-ultimate-target='.uvc-heading.ultimate-heading-2396a01f10399bdf h2'  data-responsive-json-new='{\"font-size\":\"desktop:20px;\",\"line-height\":\"desktop:30px;\"}' ><h2 style=\"font-weight:bold;\">Par RAMROLF<\/h2><\/div><div class=\"uvc-heading-spacer line_with_icon\" style=\"margin-bottom:40px;height:14px;\"><div class=\"ult-just-icon-wrapper  \"><div class=\"align-icon\" style=\"text-align:center;\">\n<div class=\"aio-icon none \"  style=\"color:rgba(199,199,199,0.7);font-size:14px;display:inline-block;\">\n\t<i class=\"icomoon-font-awesome-14x14-star\"><\/i>\n<\/div><\/div><\/div><\/div><\/div>[vc_row_inner css=&#8221;.vc_custom_1491989548603{padding-bottom: -30px !important;}&#8221;][vc_column_inner css=&#8221;.vc_custom_1491989544464{padding-bottom: 20px !important;}&#8221; offset=&#8221;vc_col-lg-6 vc_col-md-6&#8243;][vc_column_text]RAMROLF ir uz\u0146\u0113mums ar vair\u0101ku gadu pieredzi biroja izejmateri\u0101lu nodro\u0161in\u0101\u0161anas jaut\u0101jum\u0101.<br \/>\nS\u0101k\u0101m k\u0101 parasts, mazs k\u0101rtrid\u017eu uzpildes uz\u0146\u0113mums..<br \/>\n\u0160obr\u012bd esam att\u012bst\u012bju\u0161ies un ar lepnumu varam sevi saukt par starptautisku uz\u0146\u0113mumu, kas nodro\u0161ina birojus ar visu ofisa darbam nepiecie\u0161amo.<br \/>\nSavus pakalpojumus sniedzam vis\u0101 Eirop\u0101.<br \/>\nG\u016bto pieredzi izmantojam, lai Latvijas klientiem sniegtu augst\u0101ko iesp\u0113jamo pakalpojumu kvalit\u0101ti.[\/vc_column_text][\/vc_column_inner][\/vc_row_inner][\/vc_column][vc_column width=&#8221;1\/2&#8243; offset=&#8221;vc_col-lg-4 vc_col-md-4 vc_col-xs-12&#8243; css=&#8221;.vc_custom_1491989391336{padding-bottom: 50px !important;}&#8221;]<div id=\"ultimate-heading-43366a01f10399d43\" class=\"uvc-heading ult-adjust-bottom-margin ultimate-heading-43366a01f10399d43 uvc-8446 \" data-hspacer=\"line_with_icon\" data-hline_width=\"230\" data-hicon_type=\"selector\" data-hborder_style=\"solid\" data-hborder_height=\"2\" data-hborder_color=\"rgba(199,199,199,0.65)\" data-icon_width=\"14\" data-hfixer=\"10\"  data-halign=\"center\" style=\"text-align:center\"><div class=\"uvc-main-heading ult-responsive\"  data-ultimate-target='.uvc-heading.ultimate-heading-43366a01f10399d43 h2'  data-responsive-json-new='{\"font-size\":\"desktop:20px;\",\"line-height\":\"desktop:30px;\"}' ><h2 style=\"font-weight:bold;\">M\u016bsu pieredze<\/h2><\/div><div class=\"uvc-heading-spacer line_with_icon\" style=\"margin-bottom:40px;height:14px;\"><div class=\"ult-just-icon-wrapper  \"><div class=\"align-icon\" style=\"text-align:center;\">\n<div class=\"aio-icon none \"  style=\"color:rgba(199,199,199,0.7);font-size:14px;display:inline-block;\">\n\t<i class=\"icomoon-font-awesome-14x14-star\"><\/i>\n<\/div><\/div><\/div><\/div><\/div><div class=\"stats-block stats-left  \"><div class=\"aio-icon-left\"><div class=\"ult-just-icon-wrapper  \"><div class=\"align-icon\" style=\"text-align:center;\">\n<div class=\"aio-icon none \"  style=\"color:#dd3333;font-size:32px;display:inline-block;\">\n\t<i class=\"Defaults-star-o\"><\/i>\n<\/div><\/div><\/div><\/div><div class=\"stats-desc\" id=\"counter-responsv-wrap-9278\"><div id=\"counter_11414740276a01f1039a001\" data-id=\"counter_11414740276a01f1039a001\"  data-ultimate-target='#counter-responsv-wrap-9278 .stats-number'  data-responsive-json-new='{\"font-size\":\"\",\"line-height\":\"\"}'  class=\"stats-number ult-responsive\" style=\"font-size:28px;  \" data-speed=\"2\" data-counter-value=\"95%\" data-separator=\"&#039;\" data-decimal=\",\">0<\/div><div class=\"counter_suffix mycust ult-responsive\"  data-ultimate-target='#counter-responsv-wrap-9278 .mycust'  data-responsive-json-new='{\"font-size\":\"\",\"line-height\":\"\"}'  style=\"font-size:28px; color:\">%<\/div><div id=\"counter_11414740276a01f1039a001\"  data-ultimate-target='#counter-responsv-wrap-9278 .stats-text'  data-responsive-json-new='{\"font-size\":\"\",\"line-height\":\"\"}'  class=\"stats-text ult-responsive\" style=\"font-size:18px;  \">APMIERIN\u0100TU KLIENTU<\/div><\/div><\/div><div class=\"stats-block stats-left  \"><div class=\"aio-icon-left\"><div class=\"ult-just-icon-wrapper  \"><div class=\"align-icon\" style=\"text-align:center;\">\n<div class=\"aio-icon none \"  style=\"color:#dd3333;font-size:32px;display:inline-block;\">\n\t<i class=\"Defaults-building\"><\/i>\n<\/div><\/div><\/div><\/div><div class=\"stats-desc\" id=\"counter-responsv-wrap-2576\"><div id=\"counter_37284433036a01f1039a18f\" data-id=\"counter_37284433036a01f1039a18f\"  data-ultimate-target='#counter-responsv-wrap-2576 .stats-number'  data-responsive-json-new='{\"font-size\":\"\",\"line-height\":\"\"}'  class=\"stats-number ult-responsive\" style=\"font-size:28px;  \" data-speed=\"3\" data-counter-value=\"10524\" data-separator=\"&#039;\" data-decimal=\",\">0<\/div><div id=\"counter_37284433036a01f1039a18f\"  data-ultimate-target='#counter-responsv-wrap-2576 .stats-text'  data-responsive-json-new='{\"font-size\":\"\",\"line-height\":\"\"}'  class=\"stats-text ult-responsive\" style=\"font-size:18px;  \">APKALPOTU OFISU<\/div><\/div><\/div><div class=\"stats-block stats-left  \"><div class=\"aio-icon-left\"><div class=\"ult-just-icon-wrapper  \"><div class=\"align-icon\" style=\"text-align:center;\">\n<div class=\"aio-icon none \"  style=\"color:#dd3333;font-size:32px;display:inline-block;\">\n\t<i class=\"Defaults-group users\"><\/i>\n<\/div><\/div><\/div><\/div><div class=\"stats-desc\" id=\"counter-responsv-wrap-9225\"><div id=\"counter_41137990276a01f1039a2f8\" data-id=\"counter_41137990276a01f1039a2f8\"  data-ultimate-target='#counter-responsv-wrap-9225 .stats-number'  data-responsive-json-new='{\"font-size\":\"\",\"line-height\":\"\"}'  class=\"stats-number ult-responsive\" style=\"font-size:28px;  \" data-speed=\"3\" data-counter-value=\"4372\" data-separator=\"&#039;\" data-decimal=\",\">0<\/div><div id=\"counter_41137990276a01f1039a2f8\"  data-ultimate-target='#counter-responsv-wrap-9225 .stats-text'  data-responsive-json-new='{\"font-size\":\"\",\"line-height\":\"\"}'  class=\"stats-text ult-responsive\" style=\"font-size:18px;  \">UZTICAMI KLIENTI<\/div><\/div><\/div><div class=\"stats-block stats-left  \"><div class=\"aio-icon-left\"><div class=\"ult-just-icon-wrapper  \"><div class=\"align-icon\" style=\"text-align:center;\">\n<div class=\"aio-icon none \"  style=\"color:#dd3333;font-size:32px;display:inline-block;\">\n\t<i class=\"Defaults-print\"><\/i>\n<\/div><\/div><\/div><\/div><div class=\"stats-desc\" id=\"counter-responsv-wrap-3904\"><div id=\"counter_25454037516a01f1039a44f\" data-id=\"counter_25454037516a01f1039a44f\"  data-ultimate-target='#counter-responsv-wrap-3904 .stats-number'  data-responsive-json-new='{\"font-size\":\"\",\"line-height\":\"\"}'  class=\"stats-number ult-responsive\" style=\"font-size:28px;  \" data-speed=\"4\" data-counter-value=\"1562147\" data-separator=\"&#039;\" data-decimal=\",\">0<\/div><div id=\"counter_25454037516a01f1039a44f\"  data-ultimate-target='#counter-responsv-wrap-3904 .stats-text'  data-responsive-json-new='{\"font-size\":\"\",\"line-height\":\"\"}'  class=\"stats-text ult-responsive\" style=\"font-size:18px;  \">UZPILD\u012aTU K\u0100RTRID\u017dU<\/div><\/div><\/div>[\/vc_column][\/vc_row][vc_row bg_type=&#8221;bg_color&#8221; bg_override=&#8221;ex-full&#8221; type=&#8221;vc_default&#8221; margin_bottom=&#8221;-30&#8243; full_width_padding_left=&#8221;40&#8243; full_width_padding_right=&#8221;40&#8243; full_width_margin_top=&#8221;0&#8243; full_width_margin_bottom=&#8221;0&#8243; css=&#8221;.vc_custom_1491988692498{padding-top: 60px !important;padding-bottom: 20px !important;}&#8221; bg_color_value=&#8221;#f3f3f5&#8243;][vc_column]<div id=\"ultimate-heading-55846a01f1039a5a1\" class=\"uvc-heading ult-adjust-bottom-margin ultimate-heading-55846a01f1039a5a1 uvc-6565 \" data-hspacer=\"line_with_icon\" data-hline_width=\"230\" data-hicon_type=\"selector\" data-hborder_style=\"solid\" data-hborder_height=\"2\" data-hborder_color=\"rgba(199,199,199,0.65)\" data-icon_width=\"14\" data-hfixer=\"10\"  data-halign=\"center\" style=\"text-align:center\"><div class=\"uvc-main-heading ult-responsive\"  data-ultimate-target='.uvc-heading.ultimate-heading-55846a01f1039a5a1 h2'  data-responsive-json-new='{\"font-size\":\"desktop:20px;\",\"line-height\":\"desktop:30px;\"}' ><h2 style=\"font-weight:bold;\">K\u0101p\u0113c str\u0101d\u0101t ar RAMROLF<\/h2><\/div><div class=\"uvc-heading-spacer line_with_icon\" style=\"margin-bottom:40px;height:14px;\"><div class=\"ult-just-icon-wrapper  \"><div class=\"align-icon\" style=\"text-align:center;\">\n<div class=\"aio-icon none \"  style=\"color:rgba(199,199,199,0.7);font-size:14px;display:inline-block;\">\n\t<i class=\"icomoon-font-awesome-14x14-star\"><\/i>\n<\/div><\/div><\/div><\/div><\/div>[\/vc_column][vc_column css=&#8221;.vc_custom_1491988685013{padding-bottom: 50px !important;}&#8221; offset=&#8221;vc_col-lg-4 vc_col-md-4&#8243;][vc_column_text css=&#8221;.vc_custom_1557779619581{padding-bottom: 20px !important;}&#8221;]<\/p>\n<h3>M\u0113s lepojamies, ka klienti mums vienm\u0113r ir pirmaj\u0101 viet\u0101<\/h3>\n<p>[\/vc_column_text]<div class=\"standard-number-list\"><ol>\n<li>Klientu v\u0113lmes un to piepild\u012b\u0161ana ir m\u016bsu uz\u0146\u0113m\u0113jdarb\u012bbas pamatv\u0113rt\u012bba.<\/li>\n<li>Mums tas noz\u012bm\u0113 veidot patiesu sadarb\u012bbu, kas rada ilgtsp\u0113j\u012bgu v\u0113rt\u012bbu un rentablu izaugsmi gan m\u016bsu uz\u0146\u0113mumam, gan m\u016bsu klientiem \u2013 vis\u0101s galvenaj\u0101s jom\u0101s.<\/li>\n<\/ol>\n<\/div>[\/vc_column][vc_column css=&#8221;.vc_custom_1491988680090{padding-bottom: 50px !important;}&#8221; offset=&#8221;vc_col-lg-8 vc_col-md-8&#8243;][vc_row_inner equal_height=&#8221;yes&#8221; css=&#8221;.vc_custom_1491988816730{margin-bottom: -20px !important;}&#8221;][vc_column_inner width=&#8221;1\/2&#8243; css=&#8221;.vc_custom_1491988806352{padding-bottom: 20px !important;}&#8221;]<div class=\"aio-icon-component  vc_custom_1540838771701  accent-icon-bg style_1\"><div id=\"Info-box-wrap-2521\" class=\"aio-icon-box left-icon\" style=\"\"  ><div class=\"aio-icon-left\"><div class=\"ult-just-icon-wrapper  \"><div class=\"align-icon\" style=\"text-align:center;\">\n<div class=\"aio-icon advanced \"  style=\"color:#ffffff;border-style:;border-color:#333333;border-width:1px;width:50px;height:50px;line-height:50px;border-radius:500px;font-size:28px;display:inline-block;\">\n\t<i class=\"Defaults-desktop\"><\/i>\n<\/div><\/div><\/div><\/div><div class=\"aio-ibd-block\"><div class=\"aio-icon-header\" ><h3 class=\"aio-icon-title ult-responsive\"  data-ultimate-target='#Info-box-wrap-2521 .aio-icon-title'  data-responsive-json-new='{\"font-size\":\"desktop:20px;\",\"line-height\":\"desktop:30px;\"}'  style=\"font-weight:bold;\">Raitam biroja darbam<\/h3><\/div> <!-- header --><div class=\"aio-icon-description ult-responsive\"  data-ultimate-target='#Info-box-wrap-2521 .aio-icon-description'  data-responsive-json-new='{\"font-size\":\"\",\"line-height\":\"\"}'  style=\"\">Uz\u0146\u0113muma izaugsme ir atkar\u012bga no t\u0101, vai biroja darbiniekiem ir viss nepiecie\u0161amais darb\u012bbas nodro\u0161in\u0101\u0161anai. Turpiniet augt!<\/div> <!-- description --><\/div> <!-- aio-ibd-block --><\/div> <!-- aio-icon-box --><\/div> <!-- aio-icon-component -->[\/vc_column_inner][vc_column_inner width=&#8221;1\/2&#8243; css=&#8221;.vc_custom_1476046188603{padding-bottom: 20px !important;}&#8221;]<div class=\"aio-icon-component  vc_custom_1648603929647  accent-icon-bg style_1\"><div id=\"Info-box-wrap-9705\" class=\"aio-icon-box left-icon\" style=\"\"  ><div class=\"aio-icon-left\"><div class=\"ult-just-icon-wrapper  \"><div class=\"align-icon\" style=\"text-align:center;\">\n<div class=\"aio-icon advanced \"  style=\"color:#ffffff;border-style:;border-color:#333333;border-width:1px;width:50px;height:50px;line-height:50px;border-radius:500px;font-size:28px;display:inline-block;\">\n\t<i class=\"Defaults-refresh\"><\/i>\n<\/div><\/div><\/div><\/div><div class=\"aio-ibd-block\"><div class=\"aio-icon-header\" ><h3 class=\"aio-icon-title ult-responsive\"  data-ultimate-target='#Info-box-wrap-9705 .aio-icon-title'  data-responsive-json-new='{\"font-size\":\"desktop:20px;\",\"line-height\":\"desktop:30px;\"}'  style=\"font-weight:bold;\">Printeru toneru uzpilde vai jauns k\u0101rtrid\u017es<\/h3><\/div> <!-- header --><div class=\"aio-icon-description ult-responsive\"  data-ultimate-target='#Info-box-wrap-9705 .aio-icon-description'  data-responsive-json-new='{\"font-size\":\"\",\"line-height\":\"\"}'  style=\"\">Printerim bez tonera ir l\u016b\u017e\u0146a v\u0113rt\u012bba. J\u0101izprint\u0113 pavadz\u012bme, r\u0113\u0137ins, dokuments? Neiesp\u0113jami, ja beidzies toneris! Uzpildi printera toneri vai ieg\u0101d\u0101jies jaunu k\u0101rtrid\u017eu vienm\u0113r laic\u012bgi!<\/div> <!-- description --><\/div> <!-- aio-ibd-block --><\/div> <!-- aio-icon-box --><\/div> <!-- aio-icon-component -->[\/vc_column_inner][vc_column_inner width=&#8221;1\/2&#8243; css=&#8221;.vc_custom_1476046199783{padding-bottom: 20px !important;}&#8221;]<div class=\"aio-icon-component  vc_custom_1540838820423  accent-icon-bg style_1\"><div id=\"Info-box-wrap-2119\" class=\"aio-icon-box left-icon\" style=\"\"  ><div class=\"aio-icon-left\"><div class=\"ult-just-icon-wrapper  \"><div class=\"align-icon\" style=\"text-align:center;\">\n<div class=\"aio-icon advanced \"  style=\"color:#ffffff;border-style:;border-color:#333333;border-width:1px;width:50px;height:50px;line-height:50px;border-radius:500px;font-size:28px;display:inline-block;\">\n\t<i class=\"Defaults-print\"><\/i>\n<\/div><\/div><\/div><\/div><div class=\"aio-ibd-block\"><div class=\"aio-icon-header\" ><h3 class=\"aio-icon-title ult-responsive\"  data-ultimate-target='#Info-box-wrap-2119 .aio-icon-title'  data-responsive-json-new='{\"font-size\":\"desktop:20px;\",\"line-height\":\"desktop:30px;\"}'  style=\"font-weight:bold;\">Printeru p\u0101rdo\u0161ana<\/h3><\/div> <!-- header --><div class=\"aio-icon-description ult-responsive\"  data-ultimate-target='#Info-box-wrap-2119 .aio-icon-description'  data-responsive-json-new='{\"font-size\":\"\",\"line-height\":\"\"}'  style=\"\">Lai ar\u012b cik \u013coti grib\u0113tu visu dar\u012bt digit\u0101li &#8211; druka joproj\u0101m ir uz\u0146\u0113mumu pamatvajadz\u012bba. Ieg\u0101d\u0101jies printeri un neapst\u0101jies!<\/div> <!-- description --><\/div> <!-- aio-ibd-block --><\/div> <!-- aio-icon-box --><\/div> <!-- aio-icon-component -->[\/vc_column_inner][vc_column_inner width=&#8221;1\/2&#8243; css=&#8221;.vc_custom_1476046204856{padding-bottom: 20px !important;}&#8221;]<div class=\"aio-icon-component  vc_custom_1540838954617  accent-icon-bg style_1\"><div id=\"Info-box-wrap-3945\" class=\"aio-icon-box left-icon\" style=\"\"  ><div class=\"aio-icon-left\"><div class=\"ult-just-icon-wrapper  \"><div class=\"align-icon\" style=\"text-align:center;\">\n<div class=\"aio-icon advanced \"  style=\"color:#ffffff;border-style:;border-color:#333333;border-width:1px;width:50px;height:50px;line-height:50px;border-radius:500px;font-size:28px;display:inline-block;\">\n\t<i class=\"Defaults-clock-o\"><\/i>\n<\/div><\/div><\/div><\/div><div class=\"aio-ibd-block\"><div class=\"aio-icon-header\" ><h3 class=\"aio-icon-title ult-responsive\"  data-ultimate-target='#Info-box-wrap-3945 .aio-icon-title'  data-responsive-json-new='{\"font-size\":\"desktop:20px;\",\"line-height\":\"desktop:30px;\"}'  style=\"font-weight:bold;\">Vienm\u0113r pieejami<\/h3><\/div> <!-- header --><div class=\"aio-icon-description ult-responsive\"  data-ultimate-target='#Info-box-wrap-3945 .aio-icon-description'  data-responsive-json-new='{\"font-size\":\"\",\"line-height\":\"\"}'  style=\"\">Beidzies toneris. Ni\u0137ojas printeris. Beigu\u0161\u0101s kancelejas preces. Probl\u0113ma probl\u0113mas gal\u0101. Sazinies ar mums &#8211; m\u0113s pal\u012bdz\u0113sim.<\/div> <!-- description --><\/div> <!-- aio-ibd-block --><\/div> <!-- aio-icon-box --><\/div> <!-- aio-icon-component -->[\/vc_column_inner][\/vc_row_inner][\/vc_column][\/vc_row][vc_row type=&#8221;vc_default&#8221; margin_bottom=&#8221;30&#8243; full_width_padding_left=&#8221;40&#8243; full_width_padding_right=&#8221;40&#8243; full_width_margin_top=&#8221;0&#8243; full_width_margin_bottom=&#8221;0&#8243; css=&#8221;.vc_custom_1491989210352{padding-top: 60px !important;padding-bottom: 70px !important;}&#8221;][vc_column]<div id=\"ultimate-heading-93076a01f1039ab9c\" class=\"uvc-heading ult-adjust-bottom-margin ultimate-heading-93076a01f1039ab9c uvc-6762 \" data-hspacer=\"line_with_icon\" data-hline_width=\"230\" data-hicon_type=\"selector\" data-hborder_style=\"solid\" data-hborder_height=\"2\" data-hborder_color=\"rgba(199,199,199,0.65)\" data-icon_width=\"14\" data-hfixer=\"10\"  data-halign=\"center\" style=\"text-align:center\"><div class=\"uvc-main-heading ult-responsive\"  data-ultimate-target='.uvc-heading.ultimate-heading-93076a01f1039ab9c h2'  data-responsive-json-new='{\"font-size\":\"desktop:20px;\",\"line-height\":\"desktop:30px;\"}' ><h2 style=\"font-weight:bold;\">M\u016bsu p\u0101rst\u0101v\u0113tie z\u012bmoli<\/h2><\/div><div class=\"uvc-heading-spacer line_with_icon\" style=\"margin-bottom:40px;height:14px;\"><div class=\"ult-just-icon-wrapper  \"><div class=\"align-icon\" style=\"text-align:center;\">\n<div class=\"aio-icon none \"  style=\"color:rgba(199,199,199,0.7);font-size:14px;display:inline-block;\">\n\t<i class=\"icomoon-font-awesome-14x14-star\"><\/i>\n<\/div><\/div><\/div><\/div><\/div><style type=\"text\/css\" data-type=\"the7_shortcodes-inline-css\">.carousel-shortcode.carousel-shortcode-id-e71877d7216aa04649abca30ebb0c985 .owl-nav a {\n  width: 22px;\n  height: 60px;\n  border-radius: 0px;\n}\n.dt-arrow-border-on.carousel-shortcode.carousel-shortcode-id-e71877d7216aa04649abca30ebb0c985 .owl-nav a:not(:hover):before {\n  border-width: 2px;\n}\n.dt-arrow-hover-border-on.carousel-shortcode.carousel-shortcode-id-e71877d7216aa04649abca30ebb0c985 .owl-nav a:hover:after {\n  border-width: 2px;\n}\n.carousel-shortcode.carousel-shortcode-id-e71877d7216aa04649abca30ebb0c985 .owl-nav a.owl-prev {\n  top: 50%;\n  transform: translateY(calc(-50% + 0px));\n  left: -55px;\n}\n@media all and (-ms-high-contrast: none) {\n  .carousel-shortcode.carousel-shortcode-id-e71877d7216aa04649abca30ebb0c985 .owl-nav a.owl-prev {\n    transform: translateY(-50%);\n    margin-top: 0px;\n  }\n}\n.carousel-shortcode.carousel-shortcode-id-e71877d7216aa04649abca30ebb0c985 .owl-nav a.owl-prev i {\n  padding: 0px 0px 0px 0px;\n}\n.carousel-shortcode.carousel-shortcode-id-e71877d7216aa04649abca30ebb0c985 .owl-nav a.owl-next {\n  top: 50%;\n  transform: translateY(calc(-50% + 0px));\n  right: -55px;\n}\n@media all and (-ms-high-contrast: none) {\n  .carousel-shortcode.carousel-shortcode-id-e71877d7216aa04649abca30ebb0c985 .owl-nav a.owl-next {\n    transform: translateY(-50%);\n    margin-top: 0px;\n  }\n}\n.carousel-shortcode.carousel-shortcode-id-e71877d7216aa04649abca30ebb0c985 .owl-nav a.owl-next i {\n  padding: 0px 0px 0px 0px;\n}\n.carousel-shortcode.carousel-shortcode-id-e71877d7216aa04649abca30ebb0c985 .owl-nav i {\n  font-size: 13px;\n}\n.carousel-shortcode.carousel-shortcode-id-e71877d7216aa04649abca30ebb0c985 .owl-nav a:hover i,\n.carousel-shortcode.carousel-shortcode-id-e71877d7216aa04649abca30ebb0c985 .owl-nav a:hover i:before {\n  color: #ffffff;\n  background: none;\n}\n.carousel-shortcode.carousel-shortcode-id-e71877d7216aa04649abca30ebb0c985 .owl-dots {\n  top: calc(100% + 20px);\n  left: 50%;\n  transform: translateX(calc(-50% + 0px));\n}\n@media all and (-ms-high-contrast: none) {\n  .carousel-shortcode.carousel-shortcode-id-e71877d7216aa04649abca30ebb0c985 .owl-dots {\n    transform: translateX(-50%);\n    margin-left: 0px;\n  }\n}\n.carousel-shortcode.carousel-shortcode-id-e71877d7216aa04649abca30ebb0c985 .owl-dot {\n  width: 10px;\n  height: 10px;\n  margin: 0 8px;\n}\n@media screen and (max-width: 778px) {\n  .carousel-shortcode.carousel-shortcode-id-e71877d7216aa04649abca30ebb0c985.hide-arrows .owl-nav a {\n    display: none;\n  }\n}\n@media screen and (max-width: 990px) {\n  .carousel-shortcode.carousel-shortcode-id-e71877d7216aa04649abca30ebb0c985.reposition-arrows .owl-nav .owl-prev {\n    top: 50%;\n    transform: translateY(calc(-50% + 0px));\n    left: 10px;\n  }\n  .carousel-shortcode.carousel-shortcode-id-e71877d7216aa04649abca30ebb0c985.reposition-arrows .owl-nav .owl-next {\n    top: 50%;\n    transform: translateY(calc(-50% + 0px));\n    right: 10px;\n  }\n}\n@media screen and (max-width: 990px) and all and (-ms-high-contrast: none) {\n  .carousel-shortcode.carousel-shortcode-id-e71877d7216aa04649abca30ebb0c985.reposition-arrows .owl-nav .owl-prev {\n    transform: translateY(-50%);\n    margin-top: 0px;\n  }\n}\n@media screen and (max-width: 990px) and all and (-ms-high-contrast: none) {\n  .carousel-shortcode.carousel-shortcode-id-e71877d7216aa04649abca30ebb0c985.reposition-arrows .owl-nav .owl-next {\n    transform: translateY(-50%);\n    margin-top: 0px;\n  }\n}\n<\/style><div class=\"owl-carousel carousel-shortcode dt-owl-carousel-call carousel-shortcode-id-e71877d7216aa04649abca30ebb0c985 bullets-small-dot-stroke reposition-arrows arrows-bg-off dt-arrow-border-on dt-arrow-hover-border-on disable-arrows-hover-bg arrows-hover-bg-on  vc_custom_1491989219917 \" data-scroll-mode=\"1\" data-col-num=\"6\" data-wide-col-num=\"6\" data-laptop-col=\"5\" data-h-tablet-columns-num=\"4\" data-v-tablet-columns-num=\"3\" data-phone-columns-num=\"2\" data-auto-height=\"true\" data-col-gap=\"30\" data-stage-padding=\"0\" data-speed=\"600\" data-autoplay=\"false\" data-autoplay_speed=\"6000\" data-arrows=\"true\" data-bullet=\"false\" data-next-icon=\"icon-ar-017-r\" data-prev-icon=\"icon-ar-017-l\">[vc_single_image image=&#8221;39846&#8243; img_size=&#8221;300&#215;300&#8243; image_hovers=&#8221;false&#8221; lazy_loading=&#8221;true&#8221;][vc_single_image image=&#8221;39881&#8243; img_size=&#8221;300&#215;300&#8243; onclick=&#8221;custom_link&#8221; image_hovers=&#8221;false&#8221; lazy_loading=&#8221;true&#8221; link=&#8221;\/all-products\/?filter_razotajs=centrum&#038;query_type_razotajs=or&#8221;][vc_single_image image=&#8221;39893&#8243; img_size=&#8221;300&#215;300&#8243; image_hovers=&#8221;false&#8221; lazy_loading=&#8221;true&#8221;][vc_single_image image=&#8221;39894&#8243; img_size=&#8221;300&#215;300&#8243; image_hovers=&#8221;false&#8221; lazy_loading=&#8221;true&#8221;][vc_single_image image=&#8221;39895&#8243; img_size=&#8221;300&#215;300&#8243; image_hovers=&#8221;false&#8221; lazy_loading=&#8221;true&#8221;][vc_single_image image=&#8221;39896&#8243; img_size=&#8221;300&#215;300&#8243; onclick=&#8221;custom_link&#8221; img_link_target=&#8221;_blank&#8221; image_hovers=&#8221;false&#8221; lazy_loading=&#8221;true&#8221; link=&#8221;\/#&#8221;][vc_single_image image=&#8221;39899&#8243; img_size=&#8221;300&#215;300&#8243; onclick=&#8221;custom_link&#8221; img_link_target=&#8221;_blank&#8221; image_hovers=&#8221;false&#8221; lazy_loading=&#8221;true&#8221; link=&#8221;\/#&#8221;][vc_single_image image=&#8221;39901&#8243; img_size=&#8221;300&#215;300&#8243; onclick=&#8221;custom_link&#8221; img_link_target=&#8221;_blank&#8221; image_hovers=&#8221;false&#8221; lazy_loading=&#8221;true&#8221; link=&#8221;\/#&#8221;]<\/div>[\/vc_column][\/vc_row]<\/p>\n","protected":false},"excerpt":{"rendered":"<p>[vc_row type=&#8221;vc_default&#8221; margin_bottom=&#8221;10&#8243; css=&#8221;.vc_custom_1491988711759{padding-top: 60px !important;padding-bottom: 20px !important;}&#8221;][vc_column width=&#8221;1\/2&#8243; offset=&#8221;vc_col-lg-8 vc_col-md-8 vc_col-xs-12&#8243; css=&#8221;.vc_custom_1491988718573{padding-bottom: 50px !important;}&#8221;][vc_row_inner css=&#8221;.vc_custom_1491989548603{padding-bottom: -30px !important;}&#8221;][vc_column_inner css=&#8221;.vc_custom_1491989544464{padding-bottom: 20px !important;}&#8221; offset=&#8221;vc_col-lg-6 vc_col-md-6&#8243;][vc_column_text]RAMROLF ir uz\u0146\u0113mums ar vair\u0101ku gadu pieredzi biroja izejmateri\u0101lu nodro\u0161in\u0101\u0161anas jaut\u0101jum\u0101. S\u0101k\u0101m k\u0101 parasts, mazs k\u0101rtrid\u017eu uzpildes uz\u0146\u0113mums.. \u0160obr\u012bd esam att\u012bst\u012bju\u0161ies un ar lepnumu varam sevi saukt par starptautisku uz\u0146\u0113mumu, kas nodro\u0161ina birojus&hellip;<\/p>\n","protected":false},"author":1,"featured_media":0,"parent":0,"menu_order":940,"comment_status":"closed","ping_status":"closed","template":"","meta":[],"_links":{"self":[{"href":"https:\/\/ramrolf.lv\/lv\/wp-json\/wp\/v2\/pages\/14805"}],"collection":[{"href":"https:\/\/ramrolf.lv\/lv\/wp-json\/wp\/v2\/pages"}],"about":[{"href":"https:\/\/ramrolf.lv\/lv\/wp-json\/wp\/v2\/types\/page"}],"author":[{"embeddable":true,"href":"https:\/\/ramrolf.lv\/lv\/wp-json\/wp\/v2\/users\/1"}],"replies":[{"embeddable":true,"href":"https:\/\/ramrolf.lv\/lv\/wp-json\/wp\/v2\/comments?post=14805"}],"version-history":[{"count":3,"href":"https:\/\/ramrolf.lv\/lv\/wp-json\/wp\/v2\/pages\/14805\/revisions"}],"predecessor-version":[{"id":57550,"href":"https:\/\/ramrolf.lv\/lv\/wp-json\/wp\/v2\/pages\/14805\/revisions\/57550"}],"wp:attachment":[{"href":"https:\/\/ramrolf.lv\/lv\/wp-json\/wp\/v2\/media?parent=14805"}],"curies":[{"name":"wp","href":"https:\/\/api.w.org\/{rel}","templated":true}]}}