{"id":14826,"date":"2014-04-23T16:14:38","date_gmt":"2014-04-23T13:14:38","guid":{"rendered":"http:\/\/the7.dream-demo.com\/?page_id=14826"},"modified":"2019-07-16T09:42:24","modified_gmt":"2019-07-16T06:42:24","slug":"shop-contact","status":"publish","type":"page","link":"https:\/\/ramrolf.lv\/lv\/shop-contact\/","title":{"rendered":"Kontakti"},"content":{"rendered":"<p>[vc_row full_width=&#8221;stretch_row&#8221; equal_height=&#8221;yes&#8221; bg_type=&#8221;bg_color&#8221; type=&#8221;vc_default&#8221; margin_top=&#8221;75&#8243; margin_bottom=&#8221;-20&#8243; css=&#8221;.vc_custom_1491991822511{padding-top: 60px !important;padding-bottom: 60px !important;background-color: #ffffff !important;}&#8221; bg_color_value=&#8221;#ffffff&#8221;][vc_column css=&#8221;.vc_custom_1491991848941{padding-bottom: 30px !important;}&#8221; offset=&#8221;vc_col-lg-offset-1 vc_col-lg-10 vc_col-md-offset-0 vc_col-md-12 vc_col-sm-offset-0&#8243;][vc_row_inner equal_height=&#8221;yes&#8221;][vc_column_inner width=&#8221;1\/3&#8243; css=&#8221;.vc_custom_1479032888299{padding-bottom: 35px !important;}&#8221;]<div id=\"ultimate-heading-95316a01e8323fe12\" class=\"uvc-heading ult-adjust-bottom-margin ultimate-heading-95316a01e8323fe12 uvc-5593 color-title accent-icon-color\" data-hspacer=\"icon_only\"  data-halign=\"center\" style=\"text-align:center\"><div class=\"uvc-heading-spacer icon_only\" style=\"margin-bottom:20px;\"><div class=\"ult-just-icon-wrapper  \"><div class=\"align-icon\" style=\"text-align:center;\">\n<div class=\"aio-icon none \"  style=\"font-size:48px;display:inline-block;\">\n\t<i class=\"icomoon-font-awesome-14x14-globe\"><\/i>\n<\/div><\/div><\/div><\/div><div class=\"uvc-main-heading ult-responsive\"  data-ultimate-target='.uvc-heading.ultimate-heading-95316a01e8323fe12 h2'  data-responsive-json-new='{\"font-size\":\"desktop:14px;\",\"line-height\":\"desktop:24px;\"}' ><h2 style=\"font-weight:bold;color:#aaaaaa;margin-bottom:4px;\">M\u016bsu adrese<\/h2><\/div><div class=\"uvc-sub-heading ult-responsive\"  data-ultimate-target='.uvc-heading.ultimate-heading-95316a01e8323fe12 .uvc-sub-heading '  data-responsive-json-new='{\"font-size\":\"desktop:20px;\",\"line-height\":\"desktop:30px;\"}'  style=\"font-family:&#039;Roboto Condensed&#039;;font-weight:700;margin-bottom:0px;\">R\u012bga, Latvija, \u0136engaraga iela 1A<\/div><\/div>[\/vc_column_inner][vc_column_inner width=&#8221;1\/3&#8243; css=&#8221;.vc_custom_1479032916919{padding-bottom: 35px !important;}&#8221;]<div id=\"ultimate-heading-9696a01e8323ffe1\" class=\"uvc-heading ult-adjust-bottom-margin ultimate-heading-9696a01e8323ffe1 uvc-1421 color-title accent-icon-color\" data-hspacer=\"icon_only\"  data-halign=\"center\" style=\"text-align:center\"><div class=\"uvc-heading-spacer icon_only\" style=\"margin-bottom:20px;\"><div class=\"ult-just-icon-wrapper  \"><div class=\"align-icon\" style=\"text-align:center;\">\n<div class=\"aio-icon none \"  style=\"font-size:48px;display:inline-block;\">\n\t<i class=\"icomoon-font-awesome-14x14-phone-square\"><\/i>\n<\/div><\/div><\/div><\/div><div class=\"uvc-main-heading ult-responsive\"  data-ultimate-target='.uvc-heading.ultimate-heading-9696a01e8323ffe1 h2'  data-responsive-json-new='{\"font-size\":\"desktop:14px;\",\"line-height\":\"desktop:24px;\"}' ><h2 style=\"font-weight:bold;color:#aaaaaa;margin-bottom:4px;\">Zvaniet mums<\/h2><\/div><div class=\"uvc-sub-heading ult-responsive\"  data-ultimate-target='.uvc-heading.ultimate-heading-9696a01e8323ffe1 .uvc-sub-heading '  data-responsive-json-new='{\"font-size\":\"desktop:20px;\",\"line-height\":\"desktop:30px;\"}'  style=\"font-family:&#039;Roboto Condensed&#039;;font-weight:700;margin-bottom:0px;\">+371 <strong>65511555<\/strong><\/div><\/div>[\/vc_column_inner][vc_column_inner width=&#8221;1\/3&#8243; css=&#8221;.vc_custom_1479032922138{padding-bottom: 35px !important;}&#8221;]<div id=\"ultimate-heading-15676a01e83240127\" class=\"uvc-heading ult-adjust-bottom-margin ultimate-heading-15676a01e83240127 uvc-8419 color-title accent-icon-color\" data-hspacer=\"icon_only\"  data-halign=\"center\" style=\"text-align:center\"><div class=\"uvc-heading-spacer icon_only\" style=\"margin-bottom:20px;\"><div class=\"ult-just-icon-wrapper  \"><div class=\"align-icon\" style=\"text-align:center;\">\n<div class=\"aio-icon none \"  style=\"font-size:48px;display:inline-block;\">\n\t<i class=\"icomoon-font-awesome-14x14-envelope-square\"><\/i>\n<\/div><\/div><\/div><\/div><div class=\"uvc-main-heading ult-responsive\"  data-ultimate-target='.uvc-heading.ultimate-heading-15676a01e83240127 h2'  data-responsive-json-new='{\"font-size\":\"desktop:14px;\",\"line-height\":\"desktop:24px;\"}' ><h2 style=\"font-weight:bold;color:#aaaaaa;margin-bottom:4px;\">Rakstiet mums<\/h2><\/div><div class=\"uvc-sub-heading ult-responsive\"  data-ultimate-target='.uvc-heading.ultimate-heading-15676a01e83240127 .uvc-sub-heading '  data-responsive-json-new='{\"font-size\":\"desktop:20px;\",\"line-height\":\"desktop:30px;\"}'  style=\"font-family:&#039;Roboto Condensed&#039;;font-weight:700;margin-bottom:0px;\">info@ramrolf.lv<\/div><\/div>[\/vc_column_inner][\/vc_row_inner][\/vc_column][vc_column offset=&#8221;vc_col-lg-offset-2 vc_col-lg-8 vc_col-md-offset-1 vc_col-md-11 vc_col-sm-offset-0&#8243;]<div id=\"ultimate-heading-33586a01e83240298\" class=\"uvc-heading ult-adjust-bottom-margin ultimate-heading-33586a01e83240298 uvc-6458 \" data-hspacer=\"line_with_icon\" data-hline_width=\"230\" data-hicon_type=\"selector\" data-hborder_style=\"solid\" data-hborder_height=\"2\" data-hborder_color=\"rgba(204,204,204,0.85)\" data-icon_width=\"14\" data-hfixer=\"10\"  data-halign=\"center\" style=\"text-align:center\"><div class=\"uvc-main-heading ult-responsive\"  data-ultimate-target='.uvc-heading.ultimate-heading-33586a01e83240298 h2'  data-responsive-json-new='{\"font-size\":\"desktop:20px;\",\"line-height\":\"desktop:30px;\"}' ><h2 style=\"font-weight:bold;\">Vai jums ir k\u0101di jaut\u0101jumi?<br \/>\nSazinieties!<\/h2><\/div><div class=\"uvc-heading-spacer line_with_icon\" style=\"margin-bottom:40px;height:14px;\"><div class=\"ult-just-icon-wrapper  \"><div class=\"align-icon\" style=\"text-align:center;\">\n<div class=\"aio-icon none \"  style=\"color:#cccccc;font-size:14px;display:inline-block;\">\n\t<i class=\"icomoon-font-awesome-14x14-star\"><\/i>\n<\/div><\/div><\/div><\/div><\/div><form class=\"dt-contact-form dt-form\" method=\"post\"><input type=\"hidden\" name=\"widget_id\" value=\"presscore-contact-form-widget--1\" \/><input type=\"hidden\" name=\"send_message\" value=\"\" \/><input type=\"hidden\" name=\"security_token\" value=\"da00143e17f2dda1fcbb\"\/><div class=\"form-fields\"><span class=\"form-name\"><label class=\"assistive-text\">Name *<\/label><input type=\"text\" class=\"validate[required]\" placeholder=\"Name *\" name=\"name\" value=\"\" aria-required=\"true\">\n<\/span><span class=\"form-mail\"><label class=\"assistive-text\">E-mail *<\/label><input type=\"text\" class=\"validate[required,custom[email]]\" placeholder=\"E-mail *\" name=\"email\" value=\"\" aria-required=\"true\">\n<\/span><span class=\"form-telephone\"><label class=\"assistive-text\">Telephone<\/label><input type=\"text\" placeholder=\"Telephone\" name=\"telephone\" value=\"\" aria-required=\"false\">\n<\/span><span class=\"form-company\"><label class=\"assistive-text\">Company<\/label><input type=\"text\" placeholder=\"Company\" name=\"company\" value=\"\" aria-required=\"false\">\n<\/span><\/div><span class=\"form-message\"><label class=\"assistive-text\">Message *<\/label><textarea class=\"validate[required]\" placeholder=\"Message *\" name=\"message\" rows=\"6\" aria-required=\"true\"><\/textarea>\n<\/span><p><a href=\"#\" class=\"dt-btn dt-btn-m dt-btn-submit\" rel=\"nofollow\"><span>S\u016bt\u012bt zi\u0146u<\/span><\/a><input class=\"assistive-text\" type=\"submit\" value=\"submit\"><\/p><\/form>\n[\/vc_column][\/vc_row][vc_row disable_element=&#8221;yes&#8221; bg_type=&#8221;bg_color&#8221; bg_override=&#8221;ex-full&#8221; type=&#8221;vc_default&#8221; css=&#8221;.vc_custom_1540673161877{padding-top: 10px !important;padding-bottom: 10px !important;}&#8221; bg_color_value=&#8221;#f3f3f5&#8243;][vc_column offset=&#8221;vc_col-lg-offset-0 vc_col-lg-12 vc_col-md-offset-0 vc_col-md-12 vc_col-sm-offset-0 vc_col-xs-12&#8243;][vc_row_inner equal_height=&#8221;yes&#8221; css=&#8221;.vc_custom_1491991893077{padding-top: 50px !important;}&#8221;][vc_column_inner width=&#8221;1\/2&#8243; css=&#8221;.vc_custom_1491991714218{padding-bottom: 50px !important;}&#8221; offset=&#8221;vc_col-lg-3 vc_col-md-3&#8243;]<div class=\"ult-just-icon-wrapper accent-icon-bg  vc_custom_1491991427491\"><div class=\"align-icon\" style=\"text-align:center;\">\n<a class=\"aio-tooltip 6a01e83240503\" href=\"https:\/\/themeforest.net\/item\/the7-responsive-multipurpose-wordpress-theme\/5556590\" target=\"_blank\" rel=\"noopener\"  data-toggle=\"tooltip\" data-placement=\"\"><div class=\"aio-icon advanced \"  style=\"color:#ffffff;border-style:solid;border-color:;border-width:0px;width:50px;height:50px;line-height:50px;border-radius:500px;font-size:28px;display:inline-block;\">\n\t<i class=\"icomoon-font-awesome-14x14-pinterest-p\"><\/i>\n<\/div><\/a><\/div><\/div><div id=\"ultimate-heading-23676a01e83240577\" class=\"uvc-heading ult-adjust-bottom-margin ultimate-heading-23676a01e83240577 uvc-5433 accent-subtitle-color\" data-hspacer=\"no_spacer\"  data-halign=\"center\" style=\"text-align:center\"><div class=\"uvc-heading-spacer no_spacer\" style=\"top\"><\/div><div class=\"uvc-main-heading ult-responsive\"  data-ultimate-target='.uvc-heading.ultimate-heading-23676a01e83240577 h2'  data-responsive-json-new='{\"font-size\":\"desktop:14px;\",\"line-height\":\"desktop:24px;\"}' ><h2 style=\"font-weight:bold;margin-bottom:4px;\">PINTEREST<\/h2><\/div><div class=\"uvc-sub-heading ult-responsive\"  data-ultimate-target='.uvc-heading.ultimate-heading-23676a01e83240577 .uvc-sub-heading '  data-responsive-json-new='{\"font-size\":\"desktop:14px;\",\"line-height\":\"desktop:24px;\"}'  style=\"font-family:&#039;Roboto Condensed&#039;;font-weight:700;margin-bottom:0px;\">@Dream-Theme<\/div><\/div>[\/vc_column_inner][vc_column_inner width=&#8221;1\/2&#8243; css=&#8221;.vc_custom_1491991697473{padding-bottom: 50px !important;}&#8221; offset=&#8221;vc_col-lg-3 vc_col-md-3&#8243;]<div class=\"ult-just-icon-wrapper accent-icon-bg  vc_custom_1491991464069\"><div class=\"align-icon\" style=\"text-align:center;\">\n<a class=\"aio-tooltip 6a01e832405f6\" href=\"https:\/\/themeforest.net\/item\/the7-responsive-multipurpose-wordpress-theme\/5556590\" target=\"_blank\" rel=\"noopener\"  data-toggle=\"tooltip\" data-placement=\"\"><div class=\"aio-icon advanced \"  style=\"color:#ffffff;border-style:solid;border-color:;border-width:0px;width:50px;height:50px;line-height:50px;border-radius:500px;font-size:28px;display:inline-block;\">\n\t<i class=\"icomoon-font-awesome-14x14-twitter\"><\/i>\n<\/div><\/a><\/div><\/div><div id=\"ultimate-heading-43286a01e83240658\" class=\"uvc-heading ult-adjust-bottom-margin ultimate-heading-43286a01e83240658 uvc-4105 accent-subtitle-color\" data-hspacer=\"no_spacer\"  data-halign=\"center\" style=\"text-align:center\"><div class=\"uvc-heading-spacer no_spacer\" style=\"top\"><\/div><div class=\"uvc-main-heading ult-responsive\"  data-ultimate-target='.uvc-heading.ultimate-heading-43286a01e83240658 h2'  data-responsive-json-new='{\"font-size\":\"desktop:14px;\",\"line-height\":\"desktop:24px;\"}' ><h2 style=\"font-weight:bold;margin-bottom:4px;\">TWITTER<\/h2><\/div><div class=\"uvc-sub-heading ult-responsive\"  data-ultimate-target='.uvc-heading.ultimate-heading-43286a01e83240658 .uvc-sub-heading '  data-responsive-json-new='{\"font-size\":\"desktop:14px;\",\"line-height\":\"desktop:24px;\"}'  style=\"font-family:&#039;Roboto Condensed&#039;;font-weight:700;margin-bottom:0px;\">@premium_theme<\/div><\/div>[\/vc_column_inner][vc_column_inner width=&#8221;1\/2&#8243; css=&#8221;.vc_custom_1491991705214{padding-bottom: 50px !important;}&#8221; offset=&#8221;vc_col-lg-3 vc_col-md-3&#8243;]<div class=\"ult-just-icon-wrapper accent-icon-bg  vc_custom_1491991475487\"><div class=\"align-icon\" style=\"text-align:center;\">\n<a class=\"aio-tooltip 6a01e832406d1\" href=\"https:\/\/themeforest.net\/item\/the7-responsive-multipurpose-wordpress-theme\/5556590\" target=\"_blank\" rel=\"noopener\"  data-toggle=\"tooltip\" data-placement=\"\"><div class=\"aio-icon advanced \"  style=\"color:#ffffff;border-style:solid;border-color:;border-width:0px;width:50px;height:50px;line-height:50px;border-radius:500px;font-size:28px;display:inline-block;\">\n\t<i class=\"icomoon-font-awesome-14x14-facebook facebook-f\"><\/i>\n<\/div><\/a><\/div><\/div><div id=\"ultimate-heading-41366a01e83240729\" class=\"uvc-heading ult-adjust-bottom-margin ultimate-heading-41366a01e83240729 uvc-3839 accent-subtitle-color\" data-hspacer=\"no_spacer\"  data-halign=\"center\" style=\"text-align:center\"><div class=\"uvc-heading-spacer no_spacer\" style=\"top\"><\/div><div class=\"uvc-main-heading ult-responsive\"  data-ultimate-target='.uvc-heading.ultimate-heading-41366a01e83240729 h2'  data-responsive-json-new='{\"font-size\":\"desktop:14px;\",\"line-height\":\"desktop:24px;\"}' ><h2 style=\"font-weight:bold;margin-bottom:4px;\">FACEBOOK<\/h2><\/div><div class=\"uvc-sub-heading ult-responsive\"  data-ultimate-target='.uvc-heading.ultimate-heading-41366a01e83240729 .uvc-sub-heading '  data-responsive-json-new='{\"font-size\":\"desktop:14px;\",\"line-height\":\"desktop:24px;\"}'  style=\"font-family:&#039;Roboto Condensed&#039;;font-weight:bold;margin-bottom:0px;\">@WordPress.Premium.Theme<\/div><\/div>[\/vc_column_inner][vc_column_inner width=&#8221;1\/2&#8243; offset=&#8221;vc_col-lg-3 vc_col-md-3&#8243; css=&#8221;.vc_custom_1491991889016{padding-bottom: 50px !important;}&#8221;]<div class=\"ult-just-icon-wrapper accent-icon-bg  vc_custom_1491991760769\"><div class=\"align-icon\" style=\"text-align:center;\">\n<a class=\"aio-tooltip 6a01e8324079c\" href=\"https:\/\/themeforest.net\/item\/the7-responsive-multipurpose-wordpress-theme\/5556590\" target=\"_blank\" rel=\"noopener\"  data-toggle=\"tooltip\" data-placement=\"\"><div class=\"aio-icon advanced \"  style=\"color:#ffffff;border-style:solid;border-color:;border-width:0px;width:50px;height:50px;line-height:50px;border-radius:500px;font-size:28px;display:inline-block;\">\n\t<i class=\"icomoon-font-awesome-14x14-dribbble\"><\/i>\n<\/div><\/a><\/div><\/div><div id=\"ultimate-heading-97536a01e83240818\" class=\"uvc-heading ult-adjust-bottom-margin ultimate-heading-97536a01e83240818 uvc-5344 accent-subtitle-color\" data-hspacer=\"no_spacer\"  data-halign=\"center\" style=\"text-align:center\"><div class=\"uvc-heading-spacer no_spacer\" style=\"top\"><\/div><div class=\"uvc-main-heading ult-responsive\"  data-ultimate-target='.uvc-heading.ultimate-heading-97536a01e83240818 h2'  data-responsive-json-new='{\"font-size\":\"desktop:14px;\",\"line-height\":\"desktop:24px;\"}' ><h2 style=\"font-weight:bold;margin-bottom:4px;\">DRIBBBLE<\/h2><\/div><div class=\"uvc-sub-heading ult-responsive\"  data-ultimate-target='.uvc-heading.ultimate-heading-97536a01e83240818 .uvc-sub-heading '  data-responsive-json-new='{\"font-size\":\"desktop:14px;\",\"line-height\":\"desktop:24px;\"}'  style=\"font-family:&#039;Roboto Condensed&#039;;font-weight:bold;margin-bottom:0px;\">@dream-theme<\/div><\/div>[\/vc_column_inner][\/vc_row_inner][\/vc_column][\/vc_row]<\/p>\n","protected":false},"excerpt":{"rendered":"<p>[vc_row full_width=&#8221;stretch_row&#8221; equal_height=&#8221;yes&#8221; bg_type=&#8221;bg_color&#8221; type=&#8221;vc_default&#8221; margin_top=&#8221;75&#8243; margin_bottom=&#8221;-20&#8243; css=&#8221;.vc_custom_1491991822511{padding-top: 60px !important;padding-bottom: 60px !important;background-color: #ffffff !important;}&#8221; bg_color_value=&#8221;#ffffff&#8221;][vc_column css=&#8221;.vc_custom_1491991848941{padding-bottom: 30px !important;}&#8221; offset=&#8221;vc_col-lg-offset-1 vc_col-lg-10 vc_col-md-offset-0 vc_col-md-12 vc_col-sm-offset-0&#8243;][vc_row_inner equal_height=&#8221;yes&#8221;][vc_column_inner width=&#8221;1\/3&#8243; css=&#8221;.vc_custom_1479032888299{padding-bottom: 35px !important;}&#8221;][\/vc_column_inner][vc_column_inner width=&#8221;1\/3&#8243; css=&#8221;.vc_custom_1479032916919{padding-bottom: 35px !important;}&#8221;][\/vc_column_inner][vc_column_inner width=&#8221;1\/3&#8243; css=&#8221;.vc_custom_1479032922138{padding-bottom: 35px !important;}&#8221;][\/vc_column_inner][\/vc_row_inner][\/vc_column][vc_column offset=&#8221;vc_col-lg-offset-2 vc_col-lg-8 vc_col-md-offset-1 vc_col-md-11 vc_col-sm-offset-0&#8243;][\/vc_column][\/vc_row][vc_row disable_element=&#8221;yes&#8221; bg_type=&#8221;bg_color&#8221; bg_override=&#8221;ex-full&#8221; type=&#8221;vc_default&#8221; css=&#8221;.vc_custom_1540673161877{padding-top: 10px !important;padding-bottom: 10px !important;}&#8221; bg_color_value=&#8221;#f3f3f5&#8243;][vc_column offset=&#8221;vc_col-lg-offset-0 vc_col-lg-12 vc_col-md-offset-0 vc_col-md-12&hellip;<\/p>\n","protected":false},"author":1,"featured_media":0,"parent":0,"menu_order":995,"comment_status":"closed","ping_status":"closed","template":"","meta":[],"_links":{"self":[{"href":"https:\/\/ramrolf.lv\/lv\/wp-json\/wp\/v2\/pages\/14826"}],"collection":[{"href":"https:\/\/ramrolf.lv\/lv\/wp-json\/wp\/v2\/pages"}],"about":[{"href":"https:\/\/ramrolf.lv\/lv\/wp-json\/wp\/v2\/types\/page"}],"author":[{"embeddable":true,"href":"https:\/\/ramrolf.lv\/lv\/wp-json\/wp\/v2\/users\/1"}],"replies":[{"embeddable":true,"href":"https:\/\/ramrolf.lv\/lv\/wp-json\/wp\/v2\/comments?post=14826"}],"version-history":[{"count":0,"href":"https:\/\/ramrolf.lv\/lv\/wp-json\/wp\/v2\/pages\/14826\/revisions"}],"wp:attachment":[{"href":"https:\/\/ramrolf.lv\/lv\/wp-json\/wp\/v2\/media?parent=14826"}],"curies":[{"name":"wp","href":"https:\/\/api.w.org\/{rel}","templated":true}]}}