{"id":33277,"date":"2014-11-16T11:43:36","date_gmt":"2014-11-16T09:43:36","guid":{"rendered":"http:\/\/the7.dream-demo.com\/?page_id=33277"},"modified":"2019-05-13T23:50:20","modified_gmt":"2019-05-13T20:50:20","slug":"shop-q-a","status":"publish","type":"page","link":"https:\/\/ramrolf.lv\/lv\/shop-q-a\/","title":{"rendered":"Pal\u012bdz\u012bba"},"content":{"rendered":"<p>[vc_row type=&#8221;vc_default&#8221; margin_top=&#8221;0&#8243; margin_bottom=&#8221;-50&#8243; css=&#8221;.vc_custom_1491990393354{padding-top: 60px !important;padding-bottom: 20px !important;}&#8221;][vc_column offset=&#8221;vc_col-lg-6 vc_col-md-6 vc_col-xs-12&#8243; css=&#8221;.vc_custom_1491990396866{padding-bottom: 50px !important;}&#8221;]<div id=\"ultimate-heading-79606a01e83a9b339\" class=\"uvc-heading ult-adjust-bottom-margin ultimate-heading-79606a01e83a9b339 uvc-2972 \" data-hspacer=\"line_with_icon\" data-hline_width=\"230\" data-hicon_type=\"selector\" data-hborder_style=\"solid\" data-hborder_height=\"2\" data-hborder_color=\"rgba(204,204,204,0.85)\" data-icon_width=\"14\" data-hfixer=\"10\"  data-halign=\"center\" style=\"text-align:center\"><div class=\"uvc-main-heading ult-responsive\"  data-ultimate-target='.uvc-heading.ultimate-heading-79606a01e83a9b339 h2'  data-responsive-json-new='{\"font-size\":\"desktop:20px;\",\"line-height\":\"desktop:30px;\"}' ><h2 style=\"font-weight:bold;\">Bie\u017e\u0101k uzdotie jaut\u0101jumi.<\/h2><\/div><div class=\"uvc-heading-spacer line_with_icon\" style=\"margin-bottom:40px;height:14px;\"><div class=\"ult-just-icon-wrapper  \"><div class=\"align-icon\" style=\"text-align:center;\">\n<div class=\"aio-icon none \"  style=\"color:#cccccc;font-size:14px;display:inline-block;\">\n\t<i class=\"icomoon-font-awesome-14x14-star\"><\/i>\n<\/div><\/div><\/div><\/div><\/div>[vc_accordion active_tab=&#8221;false&#8221; collapsible=&#8221;yes&#8221; style=&#8221;2&#8243;][vc_accordion_tab title=&#8221;K\u0101 sazin\u0101ties ar RAMROLF?&#8221;][vc_column_text]Zvani 66065288, raksti zi\u0146u m\u0101jaslap\u0101 vai s\u016bti e-pastu: info@ramrolf.lv[\/vc_column_text][\/vc_accordion_tab][vc_accordion_tab title=&#8221;K\u0101 k\u013c\u016bt par RAMROLF klientu?&#8221;][vc_column_text]Re\u0123istr\u0113jies www.<a href=\"https:\/\/ramrolf.eu\">ramrolf.eu<\/a> vai veic savu pirmo pas\u016bt\u012bjumu mums zvanot vai 66065288 vai rakstot e-pastu uz <a href=\"mailto:info@ramrolf.lv\">info@ramrolf.lv<\/a>[\/vc_column_text][\/vc_accordion_tab][vc_accordion_tab title=&#8221;K\u0101 apmaks\u0101t RAMROLF r\u0113\u0137inu?&#8221;][vc_column_text]<\/p>\n<ul>\n<li>Fizisk\u0101m person\u0101m tiek izrakst\u012bts priek\u0161apmaksas r\u0113\u0137ins;<\/li>\n<li>Juridisk\u0101m person\u0101m tiek izrakst\u012bts p\u0113capmaksas r\u0113\u0137ins.<\/li>\n<li>P\u0113c papildus inform\u0101cijas par r\u0113\u0137inu apmaksu, sazinieties ar mums.<\/li>\n<\/ul>\n<p>[\/vc_column_text][\/vc_accordion_tab][vc_accordion_tab title=&#8221;Kad ierad\u012bsies RAMROLF kurjers?&#8221;][vc_column_text]<\/p>\n<ul>\n<li>R\u012bg\u0101 un Pier\u012bg\u0101 \u2013 p\u0113c pas\u016bt\u012bjuma veik\u0161anas, vienas darba dienas laik\u0101.<\/li>\n<li>Ekstra pieg\u0101de (par papildus samaksu) \u2013 vienas stunda laik\u0101.<\/li>\n<li>Pre\u010du pieg\u0101de no RAMROLF noliktavas l\u012bdz re\u0123ion\u0101lajiem klientiem notiek n\u0101kam\u0101s darba dienas laik\u0101.<\/li>\n<li>Kurjera izsaukums re\u0123ion\u0101lajiem klientiem l\u012bdz plkst.12:00, tiks izpild\u012bts t\u0101s pa\u0161as darba dienas laik\u0101.<\/li>\n<li>Ja ir izmai\u0146as pieg\u0101des laikos RAMROLF klientu atbalsta centrs priek\u0161laic\u012bgi br\u012bdin\u0101s J\u016bs par to.<\/li>\n<\/ul>\n<p>[\/vc_column_text][\/vc_accordion_tab][vc_accordion_tab title=&#8221;Meistara izsaukums?&#8221;][vc_column_text]P\u0113c veikt\u0101 izsaukuma RAMROLF meistars ierad\u012bsies n\u0101kam\u0101s dienas laik\u0101.[\/vc_column_text][\/vc_accordion_tab][vc_accordion_tab title=&#8221;K\u0101das ir uz\u0146\u0113muma sniegt\u0101s garantijas? &#8220;][vc_column_text]Ja prece ir br\u0101\u0137\u0113ta un nepilda pilnv\u0113rt\u012bgi savas funkcijas, RAMROLF neliek saviem klientiem gaid\u012bt, kad prece tiks sav\u0101kta, p\u0101rbaud\u012bta un tikai tad sniegta atbilde par defektu. M\u0113s taj\u0101 pat dien\u0101, kad tiek pazi\u0146ots par defektu, samain\u0101m un nog\u0101d\u0101jam Jums pavisam jaunu k\u0101rtrid\u017eu.<br \/>\n*Attiecas uz NV PRINT produkciju.[\/vc_column_text][\/vc_accordion_tab][vc_accordion_tab title=&#8221;Kas ir RAMCOIN?&#8221;][vc_column_text]RAMCOIN ir RAMROLF lojalit\u0101tes programma, kuras ietvaros klientam ir iesp\u0113ja laim\u0113t ce\u013cojumus, koncertu bi\u013cetes, d\u0101vanu kartes, u.c. noder\u012bgas d\u0101vanas.<br \/>\n[\/vc_column_text][\/vc_accordion_tab][vc_accordion_tab title=&#8221;K\u0101 samazin\u0101t izdevumus uz k\u0101rtrid\u017eiem un cit\u0101m biroja prec\u0113m? &#8220;][vc_column_text]RAMROLF katram klientiem izveido individu\u0101lu sadarb\u012bbas pl\u0101nu, balstoties uz J\u016bsu izdevumu apjomu un izmantoto produktu kl\u0101stu.[\/vc_column_text][\/vc_accordion_tab][\/vc_accordion][\/vc_column][vc_column offset=&#8221;vc_col-lg-6 vc_col-md-6 vc_col-xs-12&#8243; css=&#8221;.vc_custom_1491744105105{padding-bottom: 50px !important;}&#8221;]<div id=\"ultimate-heading-59516a01e83a9b476\" class=\"uvc-heading ult-adjust-bottom-margin ultimate-heading-59516a01e83a9b476 uvc-1983 \" data-hspacer=\"line_with_icon\" data-hline_width=\"230\" data-hicon_type=\"selector\" data-hborder_style=\"solid\" data-hborder_height=\"2\" data-hborder_color=\"rgba(204,204,204,0.85)\" data-icon_width=\"14\" data-hfixer=\"10\"  data-halign=\"center\" style=\"text-align:center\"><div class=\"uvc-main-heading ult-responsive\"  data-ultimate-target='.uvc-heading.ultimate-heading-59516a01e83a9b476 h2'  data-responsive-json-new='{\"font-size\":\"desktop:20px;\",\"line-height\":\"desktop:30px;\"}' ><h2 style=\"font-weight:bold;\">Ir jaut\u0101jumi - b\u016bs atbildes! Sazinies!<\/h2><\/div><div class=\"uvc-heading-spacer line_with_icon\" style=\"margin-bottom:40px;height:14px;\"><div class=\"ult-just-icon-wrapper  \"><div class=\"align-icon\" style=\"text-align:center;\">\n<div class=\"aio-icon none \"  style=\"color:#cccccc;font-size:14px;display:inline-block;\">\n\t<i class=\"icomoon-font-awesome-14x14-star\"><\/i>\n<\/div><\/div><\/div><\/div><\/div><form class=\"dt-contact-form dt-form\" method=\"post\"><input type=\"hidden\" name=\"widget_id\" value=\"presscore-contact-form-widget--1\" \/><input type=\"hidden\" name=\"send_message\" value=\"\" \/><input type=\"hidden\" name=\"security_token\" value=\"da00143e17f2dda1fcbb\"\/><div class=\"form-fields\"><span class=\"form-name\"><label class=\"assistive-text\">Name *<\/label><input type=\"text\" class=\"validate[required]\" placeholder=\"Name *\" name=\"name\" value=\"\" aria-required=\"true\">\n<\/span><span class=\"form-mail\"><label class=\"assistive-text\">E-mail *<\/label><input type=\"text\" class=\"validate[required,custom[email]]\" placeholder=\"E-mail *\" name=\"email\" value=\"\" aria-required=\"true\">\n<\/span><\/div><span class=\"form-message\"><label class=\"assistive-text\">Message *<\/label><textarea class=\"validate[required]\" placeholder=\"Message *\" name=\"message\" rows=\"5\" aria-required=\"true\"><\/textarea>\n<\/span><p><a href=\"#\" class=\"dt-btn dt-btn-m dt-btn-submit\" rel=\"nofollow\"><span>Nos\u016bt\u012bt<\/span><\/a><input class=\"assistive-text\" type=\"submit\" value=\"submit\"><\/p><\/form>\n[\/vc_column][\/vc_row]<\/p>\n","protected":false},"excerpt":{"rendered":"<p>[vc_row type=&#8221;vc_default&#8221; margin_top=&#8221;0&#8243; margin_bottom=&#8221;-50&#8243; css=&#8221;.vc_custom_1491990393354{padding-top: 60px !important;padding-bottom: 20px !important;}&#8221;][vc_column offset=&#8221;vc_col-lg-6 vc_col-md-6 vc_col-xs-12&#8243; css=&#8221;.vc_custom_1491990396866{padding-bottom: 50px !important;}&#8221;][vc_accordion active_tab=&#8221;false&#8221; collapsible=&#8221;yes&#8221; style=&#8221;2&#8243;][vc_accordion_tab title=&#8221;K\u0101 sazin\u0101ties ar RAMROLF?&#8221;][vc_column_text]Zvani 66065288, raksti zi\u0146u m\u0101jaslap\u0101 vai s\u016bti e-pastu: info@ramrolf.lv[\/vc_column_text][\/vc_accordion_tab][vc_accordion_tab title=&#8221;K\u0101 k\u013c\u016bt par RAMROLF klientu?&#8221;][vc_column_text]Re\u0123istr\u0113jies www.ramrolf.eu vai veic savu pirmo pas\u016bt\u012bjumu mums zvanot vai 66065288 vai rakstot e-pastu uz info@ramrolf.lv[\/vc_column_text][\/vc_accordion_tab][vc_accordion_tab title=&#8221;K\u0101 apmaks\u0101t RAMROLF r\u0113\u0137inu?&#8221;][vc_column_text] Fizisk\u0101m&hellip;<\/p>\n","protected":false},"author":1,"featured_media":0,"parent":0,"menu_order":970,"comment_status":"closed","ping_status":"closed","template":"","meta":[],"_links":{"self":[{"href":"https:\/\/ramrolf.lv\/lv\/wp-json\/wp\/v2\/pages\/33277"}],"collection":[{"href":"https:\/\/ramrolf.lv\/lv\/wp-json\/wp\/v2\/pages"}],"about":[{"href":"https:\/\/ramrolf.lv\/lv\/wp-json\/wp\/v2\/types\/page"}],"author":[{"embeddable":true,"href":"https:\/\/ramrolf.lv\/lv\/wp-json\/wp\/v2\/users\/1"}],"replies":[{"embeddable":true,"href":"https:\/\/ramrolf.lv\/lv\/wp-json\/wp\/v2\/comments?post=33277"}],"version-history":[{"count":0,"href":"https:\/\/ramrolf.lv\/lv\/wp-json\/wp\/v2\/pages\/33277\/revisions"}],"wp:attachment":[{"href":"https:\/\/ramrolf.lv\/lv\/wp-json\/wp\/v2\/media?parent=33277"}],"curies":[{"name":"wp","href":"https:\/\/api.w.org\/{rel}","templated":true}]}}