{"id":48180,"date":"2019-04-27T18:18:54","date_gmt":"2019-04-27T15:18:54","guid":{"rendered":"https:\/\/ramrolf.eu\/?page_id=48180"},"modified":"2019-05-05T14:24:49","modified_gmt":"2019-05-05T11:24:49","slug":"bta-apdrosinasana","status":"publish","type":"page","link":"https:\/\/ramrolf.lv\/lv\/bta-apdrosinasana\/","title":{"rendered":"BTA apdro\u0161in\u0101\u0161ana"},"content":{"rendered":"<p>[vc_row css=&#8221;.vc_custom_1556561045858{margin-top: -120px !important;background-position: center !important;background-repeat: no-repeat !important;background-size: contain !important;}&#8221;][vc_column width=&#8221;1\/4&#8243;][\/vc_column][vc_column width=&#8221;1\/2&#8243; css=&#8221;.vc_custom_1556561004071{padding-top: 100px !important;padding-right: 50px !important;padding-left: 50px !important;background-image: url(https:\/\/ramrolf.eu\/wp-content\/uploads\/2019\/04\/blanka.jpg?id=48191) !important;background-position: center !important;background-repeat: no-repeat !important;background-size: contain !important;}&#8221;][vc_empty_space height=&#8221;120px&#8221;]<div id=\"ultimate-heading-7666a01e3db91205\" class=\"uvc-heading ult-adjust-bottom-margin ultimate-heading-7666a01e3db91205 uvc-2669 \" data-hspacer=\"no_spacer\"  data-halign=\"center\" style=\"text-align:center\"><div class=\"uvc-heading-spacer no_spacer\" style=\"top\"><\/div><div class=\"uvc-main-heading ult-responsive\"  data-ultimate-target='.uvc-heading.ultimate-heading-7666a01e3db91205 h2'  data-responsive-json-new='{\"font-size\":\"desktop:34px;\",\"line-height\":\"\"}' ><h2 style=\"font-weight:bold;\">RAMROLF - \u2116 1 un vien\u012bgais uz\u0146\u0113mums, kas Baltij\u0101 apdro\u0161ina J\u016bsu printerus!<\/h2><\/div><div class=\"uvc-sub-heading ult-responsive\"  data-ultimate-target='.uvc-heading.ultimate-heading-7666a01e3db91205 .uvc-sub-heading '  data-responsive-json-new='{\"font-size\":\"desktop:15px;\",\"line-height\":\"\"}'  style=\"font-weight:bold;\"><\/p>\n<p>&nbsp;<\/p>\n<p style=\"text-align: center;\">M\u016bsu komp\u0101nija r\u016bp\u0113jas par saviem klientiem, t\u0101p\u0113c nodro\u0161in\u0101m augstas klases servisu un darba kvalit\u0101ti. Darba proces\u0101 tiek izmantoti tikai starptautiski sertific\u0113ti z\u012bmola NV Print produkti ar kuriem str\u0101d\u0101 kvalific\u0113ti speci\u0101listi.<\/p>\n<p>&nbsp;<\/p>\n<p style=\"text-align: center;\">Papildus, str\u0101d\u0101jot ar mums un nosl\u0113dzot sadarb\u012bbas l\u012bgumu, J\u016bsu printeri tiek autom\u0101tiski apdro\u0161in\u0101ti pret jebk\u0101da veida riskiem, kas ir saist\u012bti ar orgtehnikas (k\u0101rtrid\u017eu) izejmateri\u0101lu lieto\u0161anu.<\/p>\n<p>&nbsp;<\/p>\n<p style=\"text-align: center;\">Mums ir svar\u012bgi apmierin\u0101ti klienti un m\u0113s v\u0113lamies, lai vi\u0146i j\u016btas aizsarg\u0101ti un atbalst\u012bti, t\u0101p\u0113c risku gad\u012bjumos, lai saglab\u0101tu sadarb\u012bbu augst\u0101 l\u012bmen\u012b, iesaist\u0101m tre\u0161o, neatkar\u012bgo pusi \u2013 BTA apdro\u0161in\u0101\u0161anu.<\/p>\n<p>&nbsp;<\/p>\n<p style=\"text-align: center;\">Piem\u0113rs, kad iesaist\u0101s BTA \u2013 Izmantojot NV Print orgtehnikas izejmateri\u0101lus rodas printera darb\u012bbas trauc\u0113jumi, k\u0101 rezult\u0101t\u0101 tiek aptur\u0113ti drukas darbi. \u0160aj\u0101 gad\u012bjum\u0101 BTA sedz un nov\u0113r\u0161 probl\u0113mu, Jums neieguldot savus l\u012bdzek\u013cus. D\u012bkst\u0101ves nov\u0113r\u0161anai lieto\u0161an\u0101 bezmaksas tiks izsniegts t\u0101ds pats vai l\u012bdzv\u0113rt\u012bgs printeris.<\/p>\n<p><\/div><\/div>[vc_empty_space height=&#8221;320px&#8221;][\/vc_column][vc_column width=&#8221;1\/4&#8243;][\/vc_column][\/vc_row]<\/p>\n","protected":false},"excerpt":{"rendered":"<p>[vc_row css=&#8221;.vc_custom_1556561045858{margin-top: -120px !important;background-position: center !important;background-repeat: no-repeat !important;background-size: contain !important;}&#8221;][vc_column width=&#8221;1\/4&#8243;][\/vc_column][vc_column width=&#8221;1\/2&#8243; css=&#8221;.vc_custom_1556561004071{padding-top: 100px !important;padding-right: 50px !important;padding-left: 50px !important;background-image: url(https:\/\/ramrolf.eu\/wp-content\/uploads\/2019\/04\/blanka.jpg?id=48191) !important;background-position: center !important;background-repeat: no-repeat !important;background-size: contain !important;}&#8221;][vc_empty_space height=&#8221;120px&#8221;][vc_empty_space height=&#8221;320px&#8221;][\/vc_column][vc_column width=&#8221;1\/4&#8243;][\/vc_column][\/vc_row]<\/p>\n","protected":false},"author":1,"featured_media":0,"parent":0,"menu_order":0,"comment_status":"closed","ping_status":"closed","template":"","meta":[],"_links":{"self":[{"href":"https:\/\/ramrolf.lv\/lv\/wp-json\/wp\/v2\/pages\/48180"}],"collection":[{"href":"https:\/\/ramrolf.lv\/lv\/wp-json\/wp\/v2\/pages"}],"about":[{"href":"https:\/\/ramrolf.lv\/lv\/wp-json\/wp\/v2\/types\/page"}],"author":[{"embeddable":true,"href":"https:\/\/ramrolf.lv\/lv\/wp-json\/wp\/v2\/users\/1"}],"replies":[{"embeddable":true,"href":"https:\/\/ramrolf.lv\/lv\/wp-json\/wp\/v2\/comments?post=48180"}],"version-history":[{"count":0,"href":"https:\/\/ramrolf.lv\/lv\/wp-json\/wp\/v2\/pages\/48180\/revisions"}],"wp:attachment":[{"href":"https:\/\/ramrolf.lv\/lv\/wp-json\/wp\/v2\/media?parent=48180"}],"curies":[{"name":"wp","href":"https:\/\/api.w.org\/{rel}","templated":true}]}}