{"id":48236,"date":"2019-05-16T21:47:09","date_gmt":"2019-05-16T18:47:09","guid":{"rendered":"https:\/\/ramrolf.eu\/?page_id=48236"},"modified":"2019-08-19T14:33:06","modified_gmt":"2019-08-19T11:33:06","slug":"kapec-ramrolf","status":"publish","type":"page","link":"https:\/\/ramrolf.lv\/lv\/kapec-ramrolf\/","title":{"rendered":"K\u0101p\u0113c RAMROLF?"},"content":{"rendered":"<p>[vc_row][vc_column]<div id=\"ultimate-heading-83186a01e66fa08dd\" class=\"uvc-heading ult-adjust-bottom-margin ultimate-heading-83186a01e66fa08dd uvc-5701  uvc-heading-default-font-sizes\" data-hspacer=\"no_spacer\"  data-halign=\"center\" style=\"text-align:center\"><div class=\"uvc-heading-spacer no_spacer\" style=\"top\"><\/div><div class=\"uvc-main-heading ult-responsive\"  data-ultimate-target='.uvc-heading.ultimate-heading-83186a01e66fa08dd h1'  data-responsive-json-new='{\"font-size\":\"\",\"line-height\":\"\"}' ><h1 style=\"font-family:&#039;Roboto Condensed&#039;;font-weight:700;\">K\u0101p\u0113c J\u016bsu birojam vajadz\u012bgs RAMROLF Supervaronis?<\/h1><\/div><\/div>[vc_column_text]M\u016bsu g\u016bt\u0101 pieredze, str\u0101d\u0101jot Latvij\u0101, t\u0101 ar\u012b starptautiski, r\u0101da, ka joproj\u0101m ir daudz klientu, kas nesa\u0146em lab\u0101ko servisu un produktu kvalit\u0101ti. T\u0101pat biroju apkalpo\u0161anas vid\u0113 ir v\u0113rojams, ka pieg\u0101d\u0101t\u0101ji joproj\u0101m baid\u0101s klientiem pied\u0101v\u0101t inov\u0101cijas vai izv\u0113las nekvalitat\u012bvus materi\u0101lus, pe\u013c\u0146as g\u016b\u0161anas ietvaros.<\/p>\n<h3>RAMROLF \u0161eit, lai par\u0101d\u012btu klientiem, ka vi\u0146i var sa\u0146emt kvalit\u0101ti, garantiju, servisu un ietaup\u012bt vienlaic\u012bgi!<\/h3>\n<p>M\u016bsu augsti kvalific\u0113tie darbinieki ir \u0161eit, lai viestu Jums cer\u012bbu, ka viss ir iesp\u0113jams:<\/p>\n<ul>\n<li>Viss birojam nepiecie\u0161amais vienuviet<\/li>\n<li>Pla\u0161\u0101k\u0101 izv\u0113le<\/li>\n<li>Garantija un kvalit\u0101te<\/li>\n<li>Izcils serviss<\/li>\n<li>Termins: \u201cZini par ko maks\u0101\u201d<\/li>\n<li>J\u016bties dro\u0161\u012bb\u0101 ar <a href=\"https:\/\/ramrolf.eu\/bta-apdrosinasana\/\">BTA<\/a> <a href=\"https:\/\/ramrolf.eu\/bta-apdrosinasana\/\">apdro\u0161in\u0101\u0161anu<\/a><\/li>\n<\/ul>\n<p><strong>Lai run\u0101 darbi!<\/strong><br \/>\nP\u0101rbaudi m\u016bsu sol\u012bjumus jau \u0161odien: zvani <i class=\" the7-mw-icon-phone\"><\/i><strong>+371 65511555<\/strong> vai raksti e-pastu: <a href=\"mailto:info@ramrolf.lv\">info@ramrolf.lv<\/a> un m\u016bsu <strong>Supervaro\u0146i<\/strong> par\u016bp\u0113sies par Jums![\/vc_column_text][\/vc_column][\/vc_row]<\/p>\n","protected":false},"excerpt":{"rendered":"<p>[vc_row][vc_column][vc_column_text]M\u016bsu g\u016bt\u0101 pieredze, str\u0101d\u0101jot Latvij\u0101, t\u0101 ar\u012b starptautiski, r\u0101da, ka joproj\u0101m ir daudz klientu, kas nesa\u0146em lab\u0101ko servisu un produktu kvalit\u0101ti. T\u0101pat biroju apkalpo\u0161anas vid\u0113 ir v\u0113rojams, ka pieg\u0101d\u0101t\u0101ji joproj\u0101m baid\u0101s klientiem pied\u0101v\u0101t inov\u0101cijas vai izv\u0113las nekvalitat\u012bvus materi\u0101lus, pe\u013c\u0146as g\u016b\u0161anas ietvaros. RAMROLF \u0161eit, lai par\u0101d\u012btu klientiem, ka vi\u0146i var sa\u0146emt kvalit\u0101ti, garantiju, servisu un ietaup\u012bt&hellip;<\/p>\n","protected":false},"author":1,"featured_media":0,"parent":0,"menu_order":0,"comment_status":"closed","ping_status":"closed","template":"","meta":[],"_links":{"self":[{"href":"https:\/\/ramrolf.lv\/lv\/wp-json\/wp\/v2\/pages\/48236"}],"collection":[{"href":"https:\/\/ramrolf.lv\/lv\/wp-json\/wp\/v2\/pages"}],"about":[{"href":"https:\/\/ramrolf.lv\/lv\/wp-json\/wp\/v2\/types\/page"}],"author":[{"embeddable":true,"href":"https:\/\/ramrolf.lv\/lv\/wp-json\/wp\/v2\/users\/1"}],"replies":[{"embeddable":true,"href":"https:\/\/ramrolf.lv\/lv\/wp-json\/wp\/v2\/comments?post=48236"}],"version-history":[{"count":0,"href":"https:\/\/ramrolf.lv\/lv\/wp-json\/wp\/v2\/pages\/48236\/revisions"}],"wp:attachment":[{"href":"https:\/\/ramrolf.lv\/lv\/wp-json\/wp\/v2\/media?parent=48236"}],"curies":[{"name":"wp","href":"https:\/\/api.w.org\/{rel}","templated":true}]}}