{"id":79,"date":"2013-08-08T11:47:13","date_gmt":"2013-08-08T08:47:13","guid":{"rendered":"http:\/\/presscore.dream-demo.com\/dummy\/?page_id=79"},"modified":"2018-10-31T14:33:00","modified_gmt":"2018-10-31T11:33:00","slug":"blog","status":"publish","type":"page","link":"https:\/\/ramrolf.lv\/lv\/blog\/","title":{"rendered":"Zi\u0146as"},"content":{"rendered":"<p>[vc_row type=&#8221;vc_default&#8221; css=&#8221;.vc_custom_1491994948637{padding-top: 50px !important;padding-bottom: 70px !important;}&#8221;][vc_column]<style type=\"text\/css\" data-type=\"the7_shortcodes-inline-css\">.blog-shortcode.blog-list-shortcode-id-2b592c9cceba1c930170516d5b42034f.bottom-overlap-layout-list .post-entry-content {\n  margin-top: -110px;\n  width: 60%;\n}\n.blog-shortcode.blog-list-shortcode-id-2b592c9cceba1c930170516d5b42034f.bottom-overlap-layout-list:not(.mode-list) .no-img .post-entry-content {\n  margin-top: 0;\n  width: 100%;\n}\n.blog-shortcode.blog-list-shortcode-id-2b592c9cceba1c930170516d5b42034f.bottom-overlap-layout-list.mode-list .no-img .post-entry-content {\n  margin-top: 0;\n}\n.blog-shortcode.blog-list-shortcode-id-2b592c9cceba1c930170516d5b42034f .filter-bg-decoration .filter-categories a.act {\n  color: #fff;\n}\n.blog-shortcode.blog-list-shortcode-id-2b592c9cceba1c930170516d5b42034f:not(.mode-masonry) article {\n  margin-top: 40px;\n}\n.blog-shortcode.blog-list-shortcode-id-2b592c9cceba1c930170516d5b42034f:not(.mode-masonry) article:first-of-type,\n.blog-shortcode.blog-list-shortcode-id-2b592c9cceba1c930170516d5b42034f:not(.mode-masonry) article.visible.first:not(.product) {\n  margin-top: 0;\n}\n.blog-shortcode.blog-list-shortcode-id-2b592c9cceba1c930170516d5b42034f.dividers-on:not(.mode-masonry) article {\n  margin-top: 0;\n  padding-top: 40px;\n}\n.blog-shortcode.blog-list-shortcode-id-2b592c9cceba1c930170516d5b42034f.dividers-on:not(.mode-masonry) article:first-of-type,\n.blog-shortcode.blog-list-shortcode-id-2b592c9cceba1c930170516d5b42034f.dividers-on:not(.mode-masonry) article.visible.first:not(.product) {\n  margin-top: 0;\n  padding-top: 0;\n}\n.blog-shortcode.blog-list-shortcode-id-2b592c9cceba1c930170516d5b42034f .post-thumbnail-wrap {\n  padding: 0px 0px 0px 0px;\n}\n.blog-shortcode.blog-list-shortcode-id-2b592c9cceba1c930170516d5b42034f.enable-bg-rollover .post-thumbnail-rollover:after {\n  background: ;\n  background: -webkit-linear-gradient();\n  background: linear-gradient();\n}\n.blog-shortcode.blog-list-shortcode-id-2b592c9cceba1c930170516d5b42034f .gallery-zoom-ico {\n  width: 44px;\n  height: 44px;\n  line-height: 44px;\n  border-radius: 100px;\n  margin: -22px 0 0 -22px;\n  border-width: 0px;\n  color: #ffffff;\n}\n.bottom-overlap-layout-list.blog-shortcode.blog-list-shortcode-id-2b592c9cceba1c930170516d5b42034f .gallery-zoom-ico {\n  margin-top: -77px;\n}\n.gradient-overlay-layout-list.blog-shortcode.blog-list-shortcode-id-2b592c9cceba1c930170516d5b42034f .gallery-zoom-ico,\n.content-rollover-layout-list.blog-shortcode.blog-list-shortcode-id-2b592c9cceba1c930170516d5b42034f .gallery-zoom-ico {\n  margin: 0 0 10px;\n}\n.content-align-center.gradient-overlay-layout-list.blog-shortcode.blog-list-shortcode-id-2b592c9cceba1c930170516d5b42034f .gallery-zoom-ico,\n.content-align-center.content-rollover-layout-list.blog-shortcode.blog-list-shortcode-id-2b592c9cceba1c930170516d5b42034f .gallery-zoom-ico {\n  margin: 0 auto 10px;\n}\n.dt-icon-bg-on.blog-shortcode.blog-list-shortcode-id-2b592c9cceba1c930170516d5b42034f .gallery-zoom-ico {\n  background: rgba(255,255,255,0.3);\n  -webkit-box-shadow: none;\n  box-shadow: none;\n}\n.blog-shortcode.blog-list-shortcode-id-2b592c9cceba1c930170516d5b42034f .gallery-zoom-ico > span,\n.blog-shortcode.blog-list-shortcode-id-2b592c9cceba1c930170516d5b42034f .gallery-zoom-ico:before {\n  font-size: 32px;\n  line-height: 44px;\n}\n.blog-shortcode.blog-list-shortcode-id-2b592c9cceba1c930170516d5b42034f .gallery-zoom-ico > span,\n.blog-shortcode.blog-list-shortcode-id-2b592c9cceba1c930170516d5b42034f .gallery-zoom-ico:before {\n  color: #ffffff;\n}\n.blog-shortcode.blog-list-shortcode-id-2b592c9cceba1c930170516d5b42034f .fancy-date a {\n  background: #ffffff;\n  -webkit-box-shadow: none;\n  box-shadow: none;\n}\n.blog-shortcode.blog-list-shortcode-id-2b592c9cceba1c930170516d5b42034f .fancy-date a * {\n  color: #2d2d2d;\n}\n.blog-shortcode.blog-list-shortcode-id-2b592c9cceba1c930170516d5b42034f .entry-title,\n.blog-shortcode.blog-list-shortcode-id-2b592c9cceba1c930170516d5b42034f.owl-carousel .entry-title {\n  margin-bottom: 5px;\n  font-size: 28px;\n  line-height: 38px;\n  font-weight: bold;\n}\n.blog-shortcode.blog-list-shortcode-id-2b592c9cceba1c930170516d5b42034f .entry-meta {\n  margin-bottom: 20px;\n}\n.blog-shortcode.blog-list-shortcode-id-2b592c9cceba1c930170516d5b42034f .portfolio-categories {\n  margin-bottom: 20px;\n}\n.blog-shortcode.blog-list-shortcode-id-2b592c9cceba1c930170516d5b42034f .entry-excerpt {\n  margin-bottom: 15px;\n  font-size: 15px;\n  line-height: 27px;\n}\n.blog-shortcode.blog-list-shortcode-id-2b592c9cceba1c930170516d5b42034f:not(.centered-layout-list) .post-entry-content {\n  padding: 25px 30px 30px 30px;\n}\n.blog-shortcode.blog-list-shortcode-id-2b592c9cceba1c930170516d5b42034f:not(.centered-layout-list):not(.content-bg-on):not(.mode-list) .no-img .post-entry-content {\n  padding: 0;\n}\n.blog-shortcode.blog-list-shortcode-id-2b592c9cceba1c930170516d5b42034f.content-bg-on:not(.classic-layout-list):not(.centered-layout-list) .post-entry-content {\n  background: #ffffff;\n  -webkit-box-shadow: none;\n  box-shadow: none;\n}\n@media screen and (max-width: 778px) {\n  .blog-shortcode.blog-list-shortcode-id-2b592c9cceba1c930170516d5b42034f article {\n    -webkit-flex-flow: column nowrap;\n    -moz-flex-flow: column nowrap;\n    -ms-flex-flow: column nowrap;\n    flex-flow: column nowrap;\n    margin-top: 20px;\n  }\n  .blog-shortcode.blog-list-shortcode-id-2b592c9cceba1c930170516d5b42034f.dividers-on article {\n    border: none;\n  }\n  .blog-shortcode.blog-list-shortcode-id-2b592c9cceba1c930170516d5b42034f.content-bg-on.centered-layout-list article {\n    padding: 0;\n  }\n  .blog-shortcode.blog-list-shortcode-id-2b592c9cceba1c930170516d5b42034f.blog-shortcode.dividers-on article,\n  .blog-shortcode.blog-list-shortcode-id-2b592c9cceba1c930170516d5b42034f.dividers-on.classic-layout-list article {\n    margin-top: 20px;\n    padding: 0;\n  }\n  .blog-shortcode.blog-list-shortcode-id-2b592c9cceba1c930170516d5b42034f.blog-shortcode.dividers-on article:first-of-type,\n  .blog-shortcode.blog-list-shortcode-id-2b592c9cceba1c930170516d5b42034f.dividers-on.classic-layout-list article:first-of-type {\n    padding: 0;\n  }\n  #page .blog-shortcode.blog-list-shortcode-id-2b592c9cceba1c930170516d5b42034f .post-thumbnail-wrap,\n  #page .blog-shortcode.blog-list-shortcode-id-2b592c9cceba1c930170516d5b42034f .post-entry-content {\n    width: 100%;\n    margin: 0;\n    top: 0;\n  }\n  #page .blog-shortcode.blog-list-shortcode-id-2b592c9cceba1c930170516d5b42034f .post-thumbnail-wrap {\n    padding: 0;\n  }\n  #page .blog-shortcode.blog-list-shortcode-id-2b592c9cceba1c930170516d5b42034f .post-entry-content:after {\n    display: none;\n  }\n  #page .blog-shortcode.blog-list-shortcode-id-2b592c9cceba1c930170516d5b42034f .project-even .post-thumbnail-wrap,\n  #page .blog-shortcode.blog-list-shortcode-id-2b592c9cceba1c930170516d5b42034f.centered-layout-list .post-thumbnail-wrap {\n    -webkit-order: 0;\n    -moz-order: 0;\n    -ms-flex-order: 0;\n    order: 0;\n  }\n  #page .blog-shortcode.blog-list-shortcode-id-2b592c9cceba1c930170516d5b42034f.centered-layout-list .post-entry-title-content {\n    -webkit-order: 1;\n    -moz-order: 1;\n    -ms-flex-order: 1;\n    order: 1;\n    width: 100%;\n    padding: 20px 20px 0;\n  }\n  #page .blog-shortcode.blog-list-shortcode-id-2b592c9cceba1c930170516d5b42034f.centered-layout-list .post-entry-content {\n    -webkit-order: 2;\n    -moz-order: 2;\n    -ms-flex-order: 2;\n    order: 2;\n    padding-top: 0;\n  }\n  #page .blog-shortcode.blog-list-shortcode-id-2b592c9cceba1c930170516d5b42034f .fancy-categories {\n    top: 10px;\n    left: 10px;\n    bottom: auto;\n    right: auto;\n  }\n  #page .blog-shortcode.blog-list-shortcode-id-2b592c9cceba1c930170516d5b42034f .fancy-date a {\n    top: 10px;\n    right: 10px;\n    left: auto;\n    bottom: auto;\n  }\n  #page .blog-shortcode.blog-list-shortcode-id-2b592c9cceba1c930170516d5b42034f .post-entry-content {\n    padding: 20px;\n  }\n  #page .blog-shortcode.blog-list-shortcode-id-2b592c9cceba1c930170516d5b42034f .entry-title {\n    margin: 3px 0 5px;\n    font-size: 20px;\n    line-height: 26px;\n  }\n  #page .blog-shortcode.blog-list-shortcode-id-2b592c9cceba1c930170516d5b42034f .entry-meta {\n    margin: 5px 0 5px;\n  }\n  #page .blog-shortcode.blog-list-shortcode-id-2b592c9cceba1c930170516d5b42034f .entry-excerpt {\n    margin: 15px 0 0;\n  }\n  #page .blog-shortcode.blog-list-shortcode-id-2b592c9cceba1c930170516d5b42034f .post-details {\n    margin: 5px 0 10px;\n  }\n  #page .blog-shortcode.blog-list-shortcode-id-2b592c9cceba1c930170516d5b42034f .post-details.details-type-link {\n    margin-bottom: 2px;\n  }\n}\n<\/style><div class=\"articles-list blog-shortcode mode-list blog-list-shortcode-id-2b592c9cceba1c930170516d5b42034f bottom-overlap-layout-list content-bg-on jquery-filter scale-img dt-icon-bg-off circle-fancy-style loading-effect-fade-in\" data-cur-page=\"1\" data-post-limit=\"5\" data-pagination-mode=\"pages\"><div class=\"filter\"><div class=\"filter-extras\"><div class=\"filter-by\"><a href=\"https:\/\/ramrolf.lv\/lv\/blog\/?orderby=date&#038;order=desc\" class=\"sort-by-date act\" data-by=\"date\"><i class=\"dt-icon-the7-sort-02\"><\/i><span class=\"filter-popup\">Sort by date<\/span><\/a><span class=\"filter-switch\"><\/span><a href=\"https:\/\/ramrolf.lv\/lv\/blog\/?orderby=name&#038;order=desc\" class=\"sort-by-name\" data-by=\"name\"><i class=\"dt-icon-the7-sort-03\" aria-hidden=\"true\"><\/i><span class=\"filter-popup\">Sort by name<\/span><\/a><\/div><div class=\"filter-sorting\"><a href=\"https:\/\/ramrolf.lv\/lv\/blog\/?orderby=date&#038;order=DESC\" class=\"sort-by-desc act\" data-sort=\"desc\"><i class=\"dt-icon-the7-sort-00\" aria-hidden=\"true\"><\/i><span class=\"filter-popup\">Descending<\/span><\/a><span class=\"filter-switch\"><\/span><a href=\"https:\/\/ramrolf.lv\/lv\/blog\/?orderby=date&#038;order=ASC\" class=\"sort-by-asc\" data-sort=\"asc\"><i class=\"dt-icon-the7-sort-01\" aria-hidden=\"true\"><\/i><span class=\"filter-popup\">Ascending<\/span><\/a><\/div><\/div><\/div><article class=\"post project-odd visible post-51645 type-post status-publish format-standard has-post-thumbnail hentry category-blog category-1014 description-off\" data-name=\"5 \u012bpa\u0161\u012bbas, lai k\u013c\u016btu par lab\u0101ko klientu mened\u017eeri RAMROLF\" data-date=\"2019-08-09T17:31:51+03:00\">\n\n<div class=\"post-thumbnail-wrap\">\n\t<div class=\"post-thumbnail\">\n\n\t\t\n\t\t<span class=\"fancy-categories\"><a href=\"https:\/\/ramrolf.lv\/lv\/category\/blog\/\" rel=\"category tag\" style=\"background-color:#;color:#;\">Blog<\/a><\/span>\n\t\t<a href=\"https:\/\/ramrolf.lv\/lv\/blog\/5-ipasibas-lai-klutu-par-labako-klientu-menedzeri-ramrolf\/\" class=\"post-thumbnail-rollover\" ><img class=\"preload-me\" src=\"https:\/\/ramrolf.lv\/wp-content\/uploads\/2019\/08\/ramrolf-manager-980x435.jpg\" srcset=\"https:\/\/ramrolf.lv\/wp-content\/uploads\/2019\/08\/ramrolf-manager-980x435.jpg 980w, https:\/\/ramrolf.lv\/wp-content\/uploads\/2019\/08\/ramrolf-manager-1000x444.jpg 1000w\" sizes=\"980px\" alt=\"\" title=\"ramrolf-manager\" width=\"980\" height=\"435\"  \/><\/a>\n\t<\/div>\n<\/div>\n\n\n<div class=\"post-entry-content\">\n\n\t<h3 class=\"entry-title\">\n\t\t<a href=\"https:\/\/ramrolf.lv\/lv\/blog\/5-ipasibas-lai-klutu-par-labako-klientu-menedzeri-ramrolf\/\" title=\"5 \u012bpa\u0161\u012bbas, lai k\u013c\u016btu par lab\u0101ko klientu mened\u017eeri RAMROLF\" rel=\"bookmark\">5 \u012bpa\u0161\u012bbas, lai k\u013c\u016btu par lab\u0101ko klientu mened\u017eeri RAMROLF<\/a>\n\t<\/h3>\n\n\t<div class=\"entry-meta\"><span class=\"category-link\"><a href=\"https:\/\/ramrolf.lv\/lv\/category\/blog\/\" >Blog<\/a><\/span><a class=\"author vcard\" href=\"https:\/\/ramrolf.lv\/lv\/author\/admin\/\" title=\"View all posts by RAMROLF\" rel=\"author\">By <span class=\"fn\">RAMROLF<\/span><\/a><a href=\"https:\/\/ramrolf.lv\/lv\/2019\/08\/09\/\" title=\"17:31\" class=\"data-link\" rel=\"bookmark\"><time class=\"entry-date updated\" datetime=\"2019-08-09T17:31:51+03:00\">09\/08\/2019<\/time><\/a><\/div>\n\t<div class=\"entry-excerpt\"><p>[vc_row][vc_column][vc_column_text]Esot klientu mened\u017eerim, Tev ir lieliska iesp\u0113ja pal\u012bdz\u0113t cilv\u0113kiem atrast lab\u0101ko risin\u0101jumu vi\u0146u v\u0113lm\u0113m un probl\u0113m\u0101m. Darbs ir atbild\u012bgs un beigu beig\u0101s t\u0101 v\u0113rts, jo Tev ir iesp\u0113ja atvieglot citu cilv\u0113ku ikdienu, pal\u012bdzot nodro\u0161in\u0101t uz\u0146\u0113mumiem visu ofisa darbam nepiecie\u0161amo un k\u013c\u016bt par da\u013cu no vi\u0146u ce\u013ca uz veiksmi biznes\u0101. Labas komunik\u0101cijas sp\u0113jas Komunik\u0101cija ir pamats&hellip;<\/p>\n<\/div>\n\t<a href=\"https:\/\/ramrolf.lv\/lv\/blog\/5-ipasibas-lai-klutu-par-labako-klientu-menedzeri-ramrolf\/\" class=\"dt-btn-s dt-btn post-details details-type-btn\" rel=\"nofollow\">Read article<i class=\"dt-icon-the7-arrow-03\" aria-hidden=\"true\"><\/i><\/a>\n<\/div><\/article><div class=\"paginator\" role=\"navigation\"><\/div><\/div>[\/vc_column][\/vc_row]<\/p>\n","protected":false},"excerpt":{"rendered":"<p>[vc_row type=&#8221;vc_default&#8221; css=&#8221;.vc_custom_1491994948637{padding-top: 50px !important;padding-bottom: 70px !important;}&#8221;][vc_column][\/vc_column][\/vc_row]<\/p>\n","protected":false},"author":1,"featured_media":0,"parent":0,"menu_order":990,"comment_status":"closed","ping_status":"closed","template":"","meta":[],"_links":{"self":[{"href":"https:\/\/ramrolf.lv\/lv\/wp-json\/wp\/v2\/pages\/79"}],"collection":[{"href":"https:\/\/ramrolf.lv\/lv\/wp-json\/wp\/v2\/pages"}],"about":[{"href":"https:\/\/ramrolf.lv\/lv\/wp-json\/wp\/v2\/types\/page"}],"author":[{"embeddable":true,"href":"https:\/\/ramrolf.lv\/lv\/wp-json\/wp\/v2\/users\/1"}],"replies":[{"embeddable":true,"href":"https:\/\/ramrolf.lv\/lv\/wp-json\/wp\/v2\/comments?post=79"}],"version-history":[{"count":0,"href":"https:\/\/ramrolf.lv\/lv\/wp-json\/wp\/v2\/pages\/79\/revisions"}],"wp:attachment":[{"href":"https:\/\/ramrolf.lv\/lv\/wp-json\/wp\/v2\/media?parent=79"}],"curies":[{"name":"wp","href":"https:\/\/api.w.org\/{rel}","templated":true}]}}