{"id":39348,"date":"2018-10-26T00:29:28","date_gmt":"2018-10-25T21:29:28","guid":{"rendered":"http:\/\/www.ramrolf.eu\/ru\/product\/lvkartridzs-brother-tn1030-1050-1-5k\/"},"modified":"2019-09-25T18:15:50","modified_gmt":"2019-09-25T15:15:50","slug":"lvkartridzs-brother-tn1030-1050-1-5k","status":"publish","type":"product","link":"https:\/\/ramrolf.lv\/lv\/product\/lvkartridzs-brother-tn1030-1050-1-5k\/","title":{"rendered":"K\u0101rtrid\u017es Brother TN1030\/1050 1.5K"},"content":{"rendered":"","protected":false},"excerpt":{"rendered":"<p>Brother l\u0101zerprintera k\u0101rtrid\u017ei<\/p>\n","protected":false},"featured_media":357,"template":"","meta":[],"product_cat":[1070,291],"product_tag":[],"_links":{"self":[{"href":"https:\/\/ramrolf.lv\/lv\/wp-json\/wp\/v2\/product\/39348"}],"collection":[{"href":"https:\/\/ramrolf.lv\/lv\/wp-json\/wp\/v2\/product"}],"about":[{"href":"https:\/\/ramrolf.lv\/lv\/wp-json\/wp\/v2\/types\/product"}],"wp:featuredmedia":[{"embeddable":true,"href":"https:\/\/ramrolf.lv\/lv\/wp-json\/wp\/v2\/media\/357"}],"wp:attachment":[{"href":"https:\/\/ramrolf.lv\/lv\/wp-json\/wp\/v2\/media?parent=39348"}],"wp:term":[{"taxonomy":"product_cat","embeddable":true,"href":"https:\/\/ramrolf.lv\/lv\/wp-json\/wp\/v2\/product_cat?post=39348"},{"taxonomy":"product_tag","embeddable":true,"href":"https:\/\/ramrolf.lv\/lv\/wp-json\/wp\/v2\/product_tag?post=39348"}],"curies":[{"name":"wp","href":"https:\/\/api.w.org\/{rel}","templated":true}]}}