{"id":39816,"date":"2018-10-26T17:06:35","date_gmt":"2018-10-26T14:06:35","guid":{"rendered":"http:\/\/www.ramrolf.eu\/product\/lvpapirs-pioneer-a4-80g-m2-500lap-rupapirs-pioneer-a4-80g-m2-500lap\/"},"modified":"2021-08-25T16:31:25","modified_gmt":"2021-08-25T13:31:25","slug":"lvpapirs-pioneer-a4-80g-m2-500lap-rupapirs-pioneer-a4-80g-m2-500lap","status":"publish","type":"product","link":"https:\/\/ramrolf.lv\/lv\/product\/lvpapirs-pioneer-a4-80g-m2-500lap-rupapirs-pioneer-a4-80g-m2-500lap\/","title":{"rendered":"Pap\u012brs PIONEER A4 80g\/m2 500lap."},"content":{"rendered":"<p>\u2022 Izteikti balts augstas kvalit\u0101tes biroja pap\u012brs, \u012bpa\u0161i rad\u012bts kr\u0101sainiem dokumentiem, piem\u0113rots visu veidu biroja tehnikai.<\/p>\n<p>\u2022 Pap\u012bra izcil\u0101 kvalit\u0101te, augst\u0101 baltuma un necaursp\u012bd\u012bguma pak\u0101pe un unik\u0101l\u0101 nokr\u0101sa uzlabo izdrukas kontrastu un rada izteiksm\u012bg\u0101kas kr\u0101sas.<\/p>\n<p>\u2022 Lieliski pielietojams v\u0113stul\u0113m, atskait\u0113m, prezent\u0101cij\u0101m, katalogiem, bro\u0161\u016br\u0101m.<\/p>\n<p>\u2022 Kaste: 5 paci\u0146as<\/p>\n","protected":false},"excerpt":{"rendered":"<p>\u2022 Izteikti balts augstas kvalit\u0101tes biroja pap\u012brs, \u012bpa\u0161i rad\u012bts kr\u0101sainiem dokumentiem, piem\u0113rots visu veidu biroja tehnikai. \u2022 Pap\u012bra izcil\u0101 kvalit\u0101te, augst\u0101 baltuma un necaursp\u012bd\u012bguma pak\u0101pe un unik\u0101l\u0101 nokr\u0101sa uzlabo izdrukas kontrastu un rada izteiksm\u012bg\u0101kas kr\u0101sas. \u2022 Lieliski pielietojams v\u0113stul\u0113m, atskait\u0113m, prezent\u0101cij\u0101m, katalogiem, bro\u0161\u016br\u0101m. \u2022 Kaste: 5 paci\u0146as<\/p>\n","protected":false},"featured_media":39817,"template":"","meta":[],"product_cat":[350,327],"product_tag":[],"_links":{"self":[{"href":"https:\/\/ramrolf.lv\/lv\/wp-json\/wp\/v2\/product\/39816"}],"collection":[{"href":"https:\/\/ramrolf.lv\/lv\/wp-json\/wp\/v2\/product"}],"about":[{"href":"https:\/\/ramrolf.lv\/lv\/wp-json\/wp\/v2\/types\/product"}],"wp:featuredmedia":[{"embeddable":true,"href":"https:\/\/ramrolf.lv\/lv\/wp-json\/wp\/v2\/media\/39817"}],"wp:attachment":[{"href":"https:\/\/ramrolf.lv\/lv\/wp-json\/wp\/v2\/media?parent=39816"}],"wp:term":[{"taxonomy":"product_cat","embeddable":true,"href":"https:\/\/ramrolf.lv\/lv\/wp-json\/wp\/v2\/product_cat?post=39816"},{"taxonomy":"product_tag","embeddable":true,"href":"https:\/\/ramrolf.lv\/lv\/wp-json\/wp\/v2\/product_tag?post=39816"}],"curies":[{"name":"wp","href":"https:\/\/api.w.org\/{rel}","templated":true}]}}