{"id":39820,"date":"2018-10-26T17:06:36","date_gmt":"2018-10-26T14:06:36","guid":{"rendered":"http:\/\/www.ramrolf.eu\/product\/rupapirs-data-copy-a4-75g-m2-500lplvpapirs-data-copy-a4-75g-m2-500lp\/"},"modified":"2021-08-25T16:31:25","modified_gmt":"2021-08-25T13:31:25","slug":"rupapirs-data-copy-a4-75g-m2-500lplvpapirs-data-copy-a4-75g-m2-500lp","status":"publish","type":"product","link":"https:\/\/ramrolf.lv\/lv\/product\/rupapirs-data-copy-a4-75g-m2-500lplvpapirs-data-copy-a4-75g-m2-500lp\/","title":{"rendered":"Pap\u012brs DATA COPY A4 75g\/m2 500lp"},"content":{"rendered":"<p>\u2022 A klases biroja pap\u012brs.<\/p>\n<p>\u2022Multifunkcion\u0101ls balts pap\u012brs birojam un lieto\u0161anai m\u0101jas apst\u0101k\u013cos, nesaturo\u0161s koksni.<\/p>\n<p>\u2022Piem\u0113rots visu veidu druk\u0101\u0161anas un kop\u0113\u0161anas iek\u0101rt\u0101m.<\/p>\n<p>\u2022Pap\u012brs atbilst dokumentu pap\u012bra iztur\u012bbas standartiem.<\/p>\n<p>\u2022Atbilst arh\u012bvu pap\u012bra iztur\u012bbas pras\u012bb\u0101m &#8211; ISO 9706.<\/p>\n<p>\u2022 A4 form\u0101ts.<\/p>\n<p>\u2022gram\u0101\u017eas 75g<\/p>\n<p>\u2022Kaste: 5 paci\u0146as<\/p>\n<p>\u2022Palete: 240 paci\u0146as.<\/p>\n","protected":false},"excerpt":{"rendered":"<p>\u2022 A klases biroja pap\u012brs. \u2022Multifunkcion\u0101ls balts pap\u012brs birojam un lieto\u0161anai m\u0101jas apst\u0101k\u013cos, nesaturo\u0161s koksni. \u2022Piem\u0113rots visu veidu druk\u0101\u0161anas un kop\u0113\u0161anas iek\u0101rt\u0101m. \u2022Pap\u012brs atbilst dokumentu pap\u012bra iztur\u012bbas standartiem. \u2022Atbilst arh\u012bvu pap\u012bra iztur\u012bbas pras\u012bb\u0101m &#8211; ISO 9706. \u2022 A4 form\u0101ts. \u2022gram\u0101\u017eas 75g \u2022Kaste: 5 paci\u0146as \u2022Palete: 240 paci\u0146as.<\/p>\n","protected":false},"featured_media":39827,"template":"","meta":[],"product_cat":[350,327],"product_tag":[],"_links":{"self":[{"href":"https:\/\/ramrolf.lv\/lv\/wp-json\/wp\/v2\/product\/39820"}],"collection":[{"href":"https:\/\/ramrolf.lv\/lv\/wp-json\/wp\/v2\/product"}],"about":[{"href":"https:\/\/ramrolf.lv\/lv\/wp-json\/wp\/v2\/types\/product"}],"wp:featuredmedia":[{"embeddable":true,"href":"https:\/\/ramrolf.lv\/lv\/wp-json\/wp\/v2\/media\/39827"}],"wp:attachment":[{"href":"https:\/\/ramrolf.lv\/lv\/wp-json\/wp\/v2\/media?parent=39820"}],"wp:term":[{"taxonomy":"product_cat","embeddable":true,"href":"https:\/\/ramrolf.lv\/lv\/wp-json\/wp\/v2\/product_cat?post=39820"},{"taxonomy":"product_tag","embeddable":true,"href":"https:\/\/ramrolf.lv\/lv\/wp-json\/wp\/v2\/product_tag?post=39820"}],"curies":[{"name":"wp","href":"https:\/\/api.w.org\/{rel}","templated":true}]}}