{"id":39822,"date":"2018-10-26T17:06:36","date_gmt":"2018-10-26T14:06:36","guid":{"rendered":"http:\/\/www.ramrolf.eu\/product\/lvpapirs-image-recycled-a4-80g-m2-500-loksnesrupapirs-image-recycled-a4-80g-m2-500-loksnes\/"},"modified":"2021-08-25T16:31:24","modified_gmt":"2021-08-25T13:31:24","slug":"lvpapirs-image-recycled-a4-80g-m2-500-loksnesrupapirs-image-recycled-a4-80g-m2-500-loksnes","status":"publish","type":"product","link":"https:\/\/ramrolf.lv\/lv\/product\/lvpapirs-image-recycled-a4-80g-m2-500-loksnesrupapirs-image-recycled-a4-80g-m2-500-loksnes\/","title":{"rendered":"Pap\u012brs IMAGE RECYCLED A4 80g\/m2, 500 loksnes"},"content":{"rendered":"<p>\u2022 Image Recycled ISO 70 ir 100% otrreiz\u0113j\u0101s p\u0101rstr\u0101des \u0161kiedras biroja pap\u012brs, kur\u0161 piem\u0113rots vienkr\u0101su tintes un l\u0101zerdrukai.<br \/>\n\u2022 Pap\u012bra dab\u012bgais baltums un dabisk\u0101 virsma ir videi draudz\u012bga pievienot\u0101 v\u0113rt\u012bba ikvienam izdruk\u0101tajam dokumentam.<br \/>\n\u2022 Ra\u017eots no 100% otrreiz\u0113jai p\u0101rstr\u0101dei nodotajiem biroja pap\u012briem.<br \/>\n\u2022 Piem\u0113rots vienkr\u0101su tintes un l\u0101zerdrukai.<br \/>\n\u2022 Ra\u017eo\u0161an\u0101 netiek izmantoti videi kait\u012bgie \u0137\u012bmiskie balin\u0101t\u0101ji.<br \/>\n\u2022 Pap\u012bram ir pie\u0161\u0137irts Blue Angel sertifik\u0101ts.<br \/>\n\u2022 Form\u0101ts A4<br \/>\n\u2022 Bl\u012bvums 80 g\/m2<br \/>\n\u2022 Biezums 101 mcr<br \/>\n\u2022 Baltums 59 CIE<br \/>\n\u2022 Necaursp\u012bd\u012bba 97 %<br \/>\n\u2022 Gludums 220 ml<br \/>\n\u2022 Arh\u012bvnotur\u012bgs<br \/>\n\u2022 Ra\u017eo\u0161anas procesa ekomar\u0137\u0113jums: ECF<br \/>\n\u2022 Me\u017ea apsaimnieko\u0161anas un pieg\u0101des \u0137\u0113des sertifik\u0101ti: FSC, PEFC<br \/>\n\u2022 Ekomar\u0137\u0113jums: ECO-LABEL<br \/>\n\u2022 1 pak\u0101 500 loksnes<\/p>\n","protected":false},"excerpt":{"rendered":"<p>\u2022 Image Recycled ISO 70 ir 100% otrreiz\u0113j\u0101s p\u0101rstr\u0101des \u0161kiedras biroja pap\u012brs, kur\u0161 piem\u0113rots vienkr\u0101su tintes un l\u0101zerdrukai. \u2022 Pap\u012bra dab\u012bgais baltums un dabisk\u0101 virsma ir videi draudz\u012bga pievienot\u0101 v\u0113rt\u012bba ikvienam izdruk\u0101tajam dokumentam. \u2022 Ra\u017eots no 100% otrreiz\u0113jai p\u0101rstr\u0101dei nodotajiem biroja pap\u012briem. \u2022 Piem\u0113rots vienkr\u0101su tintes un l\u0101zerdrukai. \u2022 Ra\u017eo\u0161an\u0101 netiek izmantoti videi kait\u012bgie \u0137\u012bmiskie&hellip;<\/p>\n","protected":false},"featured_media":39824,"template":"","meta":[],"product_cat":[350,327],"product_tag":[],"_links":{"self":[{"href":"https:\/\/ramrolf.lv\/lv\/wp-json\/wp\/v2\/product\/39822"}],"collection":[{"href":"https:\/\/ramrolf.lv\/lv\/wp-json\/wp\/v2\/product"}],"about":[{"href":"https:\/\/ramrolf.lv\/lv\/wp-json\/wp\/v2\/types\/product"}],"wp:featuredmedia":[{"embeddable":true,"href":"https:\/\/ramrolf.lv\/lv\/wp-json\/wp\/v2\/media\/39824"}],"wp:attachment":[{"href":"https:\/\/ramrolf.lv\/lv\/wp-json\/wp\/v2\/media?parent=39822"}],"wp:term":[{"taxonomy":"product_cat","embeddable":true,"href":"https:\/\/ramrolf.lv\/lv\/wp-json\/wp\/v2\/product_cat?post=39822"},{"taxonomy":"product_tag","embeddable":true,"href":"https:\/\/ramrolf.lv\/lv\/wp-json\/wp\/v2\/product_tag?post=39822"}],"curies":[{"name":"wp","href":"https:\/\/api.w.org\/{rel}","templated":true}]}}