{"id":39914,"date":"2018-10-31T19:29:23","date_gmt":"2018-10-31T16:29:23","guid":{"rendered":"http:\/\/www.ramrolf.eu\/product\/rulimlente-48mm-%d1%85-50m-caurspidigalvdzesgumijas\/"},"modified":"2021-08-25T16:31:24","modified_gmt":"2021-08-25T13:31:24","slug":"rulimlente-48mm-%d1%85-50m-caurspidigalvdzesgumijas","status":"publish","type":"product","link":"https:\/\/ramrolf.lv\/lv\/product\/rulimlente-48mm-%d1%85-50m-caurspidigalvdzesgumijas\/","title":{"rendered":"Dz\u0113\u0161gumijas"},"content":{"rendered":"<p>Dz\u0113\u0161gumija &#8220;Centrum&#8221; 36x14x10mm z\u012bmulim un pildspalvai<\/p>\n","protected":false},"excerpt":{"rendered":"<p>Dz\u0113\u0161gumija &#8220;Centrum&#8221; 36x14x10mm z\u012bmulim un pildspalvai<\/p>\n","protected":false},"featured_media":39915,"template":"","meta":[],"product_cat":[337],"product_tag":[],"_links":{"self":[{"href":"https:\/\/ramrolf.lv\/lv\/wp-json\/wp\/v2\/product\/39914"}],"collection":[{"href":"https:\/\/ramrolf.lv\/lv\/wp-json\/wp\/v2\/product"}],"about":[{"href":"https:\/\/ramrolf.lv\/lv\/wp-json\/wp\/v2\/types\/product"}],"wp:featuredmedia":[{"embeddable":true,"href":"https:\/\/ramrolf.lv\/lv\/wp-json\/wp\/v2\/media\/39915"}],"wp:attachment":[{"href":"https:\/\/ramrolf.lv\/lv\/wp-json\/wp\/v2\/media?parent=39914"}],"wp:term":[{"taxonomy":"product_cat","embeddable":true,"href":"https:\/\/ramrolf.lv\/lv\/wp-json\/wp\/v2\/product_cat?post=39914"},{"taxonomy":"product_tag","embeddable":true,"href":"https:\/\/ramrolf.lv\/lv\/wp-json\/wp\/v2\/product_tag?post=39914"}],"curies":[{"name":"wp","href":"https:\/\/api.w.org\/{rel}","templated":true}]}}