{"id":39926,"date":"2018-10-31T19:29:29","date_gmt":"2018-10-31T16:29:29","guid":{"rendered":"http:\/\/www.ramrolf.eu\/product\/lvkalkulators\/"},"modified":"2021-08-25T16:31:24","modified_gmt":"2021-08-25T13:31:24","slug":"lvkalkulators","status":"publish","type":"product","link":"https:\/\/ramrolf.lv\/lv\/product\/lvkalkulators\/","title":{"rendered":"Kalkul\u0101tors Centrum"},"content":{"rendered":"<p>Kalkul\u0101tors (8z\u012bmes) 130x110x23mm<\/p>\n","protected":false},"excerpt":{"rendered":"<p>Kalkul\u0101tors (8z\u012bmes) 130x110x23mm<\/p>\n","protected":false},"featured_media":39927,"template":"","meta":[],"product_cat":[367,337],"product_tag":[],"_links":{"self":[{"href":"https:\/\/ramrolf.lv\/lv\/wp-json\/wp\/v2\/product\/39926"}],"collection":[{"href":"https:\/\/ramrolf.lv\/lv\/wp-json\/wp\/v2\/product"}],"about":[{"href":"https:\/\/ramrolf.lv\/lv\/wp-json\/wp\/v2\/types\/product"}],"wp:featuredmedia":[{"embeddable":true,"href":"https:\/\/ramrolf.lv\/lv\/wp-json\/wp\/v2\/media\/39927"}],"wp:attachment":[{"href":"https:\/\/ramrolf.lv\/lv\/wp-json\/wp\/v2\/media?parent=39926"}],"wp:term":[{"taxonomy":"product_cat","embeddable":true,"href":"https:\/\/ramrolf.lv\/lv\/wp-json\/wp\/v2\/product_cat?post=39926"},{"taxonomy":"product_tag","embeddable":true,"href":"https:\/\/ramrolf.lv\/lv\/wp-json\/wp\/v2\/product_tag?post=39926"}],"curies":[{"name":"wp","href":"https:\/\/api.w.org\/{rel}","templated":true}]}}