{"id":39945,"date":"2018-10-31T19:29:37","date_gmt":"2018-10-31T16:29:37","guid":{"rendered":"http:\/\/www.ramrolf.eu\/product\/lvlimlentes-2\/"},"modified":"2021-08-25T16:31:24","modified_gmt":"2021-08-25T13:31:24","slug":"limlentes-19mm-x-33m-caurspidiga","status":"publish","type":"product","link":"https:\/\/ramrolf.lv\/lv\/product\/limlentes-19mm-x-33m-caurspidiga\/","title":{"rendered":"L\u012bmlentes 19mm x 33m caursp\u012bdiga"},"content":{"rendered":"<p>L\u012bmlente 19mm x 33m caursp\u012bd\u012bga<\/p>\n","protected":false},"excerpt":{"rendered":"<p>L\u012bmlente 19mm x 33m caursp\u012bd\u012bga<\/p>\n","protected":false},"featured_media":39946,"template":"","meta":[],"product_cat":[341,337],"product_tag":[],"_links":{"self":[{"href":"https:\/\/ramrolf.lv\/lv\/wp-json\/wp\/v2\/product\/39945"}],"collection":[{"href":"https:\/\/ramrolf.lv\/lv\/wp-json\/wp\/v2\/product"}],"about":[{"href":"https:\/\/ramrolf.lv\/lv\/wp-json\/wp\/v2\/types\/product"}],"wp:featuredmedia":[{"embeddable":true,"href":"https:\/\/ramrolf.lv\/lv\/wp-json\/wp\/v2\/media\/39946"}],"wp:attachment":[{"href":"https:\/\/ramrolf.lv\/lv\/wp-json\/wp\/v2\/media?parent=39945"}],"wp:term":[{"taxonomy":"product_cat","embeddable":true,"href":"https:\/\/ramrolf.lv\/lv\/wp-json\/wp\/v2\/product_cat?post=39945"},{"taxonomy":"product_tag","embeddable":true,"href":"https:\/\/ramrolf.lv\/lv\/wp-json\/wp\/v2\/product_tag?post=39945"}],"curies":[{"name":"wp","href":"https:\/\/api.w.org\/{rel}","templated":true}]}}