{"id":39947,"date":"2018-10-31T19:29:38","date_gmt":"2018-10-31T16:29:38","guid":{"rendered":"http:\/\/www.ramrolf.eu\/product\/lvlineals-30cm-caurspidigs\/"},"modified":"2021-08-25T16:31:24","modified_gmt":"2021-08-25T13:31:24","slug":"lvlineals-30cm-caurspidigs","status":"publish","type":"product","link":"https:\/\/ramrolf.lv\/lv\/product\/lvlineals-30cm-caurspidigs\/","title":{"rendered":"Line\u0101ls 30cm caursp\u012bd\u012bgs"},"content":{"rendered":"<p>Line\u0101ls 30cm caursp\u012bd\u012bgs<\/p>\n","protected":false},"excerpt":{"rendered":"<p>Line\u0101ls 20cm caursp\u012bd\u012bgs<\/p>\n","protected":false},"featured_media":39948,"template":"","meta":[],"product_cat":[337],"product_tag":[],"_links":{"self":[{"href":"https:\/\/ramrolf.lv\/lv\/wp-json\/wp\/v2\/product\/39947"}],"collection":[{"href":"https:\/\/ramrolf.lv\/lv\/wp-json\/wp\/v2\/product"}],"about":[{"href":"https:\/\/ramrolf.lv\/lv\/wp-json\/wp\/v2\/types\/product"}],"wp:featuredmedia":[{"embeddable":true,"href":"https:\/\/ramrolf.lv\/lv\/wp-json\/wp\/v2\/media\/39948"}],"wp:attachment":[{"href":"https:\/\/ramrolf.lv\/lv\/wp-json\/wp\/v2\/media?parent=39947"}],"wp:term":[{"taxonomy":"product_cat","embeddable":true,"href":"https:\/\/ramrolf.lv\/lv\/wp-json\/wp\/v2\/product_cat?post=39947"},{"taxonomy":"product_tag","embeddable":true,"href":"https:\/\/ramrolf.lv\/lv\/wp-json\/wp\/v2\/product_tag?post=39947"}],"curies":[{"name":"wp","href":"https:\/\/api.w.org\/{rel}","templated":true}]}}