{"id":39955,"date":"2018-10-31T19:29:41","date_gmt":"2018-10-31T16:29:41","guid":{"rendered":"http:\/\/www.ramrolf.eu\/product\/lvlodisu-pildspalvas-economic-clacc-3\/"},"modified":"2021-08-25T16:31:23","modified_gmt":"2021-08-25T13:31:23","slug":"automatiska-lodisu-pildspalva-rocky-zila-1-0mm","status":"publish","type":"product","link":"https:\/\/ramrolf.lv\/lv\/product\/automatiska-lodisu-pildspalva-rocky-zila-1-0mm\/","title":{"rendered":"Autom\u0101tiska lod\u012b\u0161u pildspalva ROCKY zila 1.0mm"},"content":{"rendered":"<p>Autom\u0101tiska lod\u012b\u0161u pildspalva ROCKY zila 1.0mm<\/p>\n","protected":false},"excerpt":{"rendered":"<p>Line\u0101ls 20cm caursp\u012bd\u012bgs<\/p>\n","protected":false},"featured_media":39956,"template":"","meta":[],"product_cat":[337,345],"product_tag":[],"_links":{"self":[{"href":"https:\/\/ramrolf.lv\/lv\/wp-json\/wp\/v2\/product\/39955"}],"collection":[{"href":"https:\/\/ramrolf.lv\/lv\/wp-json\/wp\/v2\/product"}],"about":[{"href":"https:\/\/ramrolf.lv\/lv\/wp-json\/wp\/v2\/types\/product"}],"wp:featuredmedia":[{"embeddable":true,"href":"https:\/\/ramrolf.lv\/lv\/wp-json\/wp\/v2\/media\/39956"}],"wp:attachment":[{"href":"https:\/\/ramrolf.lv\/lv\/wp-json\/wp\/v2\/media?parent=39955"}],"wp:term":[{"taxonomy":"product_cat","embeddable":true,"href":"https:\/\/ramrolf.lv\/lv\/wp-json\/wp\/v2\/product_cat?post=39955"},{"taxonomy":"product_tag","embeddable":true,"href":"https:\/\/ramrolf.lv\/lv\/wp-json\/wp\/v2\/product_tag?post=39955"}],"curies":[{"name":"wp","href":"https:\/\/api.w.org\/{rel}","templated":true}]}}