{"id":39957,"date":"2018-10-31T19:29:41","date_gmt":"2018-10-31T16:29:41","guid":{"rendered":"http:\/\/www.ramrolf.eu\/product\/lvlodisu-pildspalvas-office-class\/"},"modified":"2021-08-25T16:31:23","modified_gmt":"2021-08-25T13:31:23","slug":"automatiska-lodisu-pildspalva-bat-zila-0-7mm","status":"publish","type":"product","link":"https:\/\/ramrolf.lv\/lv\/product\/automatiska-lodisu-pildspalva-bat-zila-0-7mm\/","title":{"rendered":"Autom\u0101tiska lod\u012b\u0161u pildspalva BAT zila 0.7mm"},"content":{"rendered":"<p>Autom\u0101tiska lod\u012b\u0161u pildspalva BAT zila 0.7mm<\/p>\n","protected":false},"excerpt":{"rendered":"<p>Autom\u0101tiska lod\u012b\u0161u pildspalva BAT zila 0.7mm<\/p>\n","protected":false},"featured_media":39958,"template":"","meta":[],"product_cat":[337,345],"product_tag":[],"_links":{"self":[{"href":"https:\/\/ramrolf.lv\/lv\/wp-json\/wp\/v2\/product\/39957"}],"collection":[{"href":"https:\/\/ramrolf.lv\/lv\/wp-json\/wp\/v2\/product"}],"about":[{"href":"https:\/\/ramrolf.lv\/lv\/wp-json\/wp\/v2\/types\/product"}],"wp:featuredmedia":[{"embeddable":true,"href":"https:\/\/ramrolf.lv\/lv\/wp-json\/wp\/v2\/media\/39958"}],"wp:attachment":[{"href":"https:\/\/ramrolf.lv\/lv\/wp-json\/wp\/v2\/media?parent=39957"}],"wp:term":[{"taxonomy":"product_cat","embeddable":true,"href":"https:\/\/ramrolf.lv\/lv\/wp-json\/wp\/v2\/product_cat?post=39957"},{"taxonomy":"product_tag","embeddable":true,"href":"https:\/\/ramrolf.lv\/lv\/wp-json\/wp\/v2\/product_tag?post=39957"}],"curies":[{"name":"wp","href":"https:\/\/api.w.org\/{rel}","templated":true}]}}