{"id":40032,"date":"2018-11-19T23:35:08","date_gmt":"2018-11-19T20:35:08","guid":{"rendered":"http:\/\/www.ramrolf.eu\/product\/lvgreenfield-golden-ceylon-berama-melna-teja-100g\/"},"modified":"2018-11-20T18:04:28","modified_gmt":"2018-11-20T15:04:28","slug":"lvgreenfield-golden-ceylon-berama-melna-teja-100g","status":"publish","type":"product","link":"https:\/\/ramrolf.lv\/lv\/product\/lvgreenfield-golden-ceylon-berama-melna-teja-100g\/","title":{"rendered":"GREENFIELD Golden Ceylon,  beram\u0101 meln\u0101 t\u0113ja 100g"},"content":{"rendered":"","protected":false},"excerpt":{"rendered":"<p>Meln\u0101 t\u0113ja<\/p>\n","protected":false},"featured_media":40033,"template":"","meta":[],"product_cat":[369],"product_tag":[],"_links":{"self":[{"href":"https:\/\/ramrolf.lv\/lv\/wp-json\/wp\/v2\/product\/40032"}],"collection":[{"href":"https:\/\/ramrolf.lv\/lv\/wp-json\/wp\/v2\/product"}],"about":[{"href":"https:\/\/ramrolf.lv\/lv\/wp-json\/wp\/v2\/types\/product"}],"wp:featuredmedia":[{"embeddable":true,"href":"https:\/\/ramrolf.lv\/lv\/wp-json\/wp\/v2\/media\/40033"}],"wp:attachment":[{"href":"https:\/\/ramrolf.lv\/lv\/wp-json\/wp\/v2\/media?parent=40032"}],"wp:term":[{"taxonomy":"product_cat","embeddable":true,"href":"https:\/\/ramrolf.lv\/lv\/wp-json\/wp\/v2\/product_cat?post=40032"},{"taxonomy":"product_tag","embeddable":true,"href":"https:\/\/ramrolf.lv\/lv\/wp-json\/wp\/v2\/product_tag?post=40032"}],"curies":[{"name":"wp","href":"https:\/\/api.w.org\/{rel}","templated":true}]}}