{"id":40036,"date":"2018-11-19T23:35:09","date_gmt":"2018-11-19T20:35:09","guid":{"rendered":"http:\/\/www.ramrolf.eu\/product\/lvlipton-clear-citrus-zala-teja-25pac\/"},"modified":"2018-11-20T15:33:00","modified_gmt":"2018-11-20T12:33:00","slug":"lvlipton-clear-citrus-zala-teja-25pac","status":"publish","type":"product","link":"https:\/\/ramrolf.lv\/lv\/product\/lvlipton-clear-citrus-zala-teja-25pac\/","title":{"rendered":"Lipton Clear Citrus za\u013ca t\u0113ja,  25pac."},"content":{"rendered":"","protected":false},"excerpt":{"rendered":"<p>Za\u013c\u0101 un aromatiz\u0113ta za\u013c\u0101 t\u0113ja<\/p>\n","protected":false},"featured_media":40037,"template":"","meta":[],"product_cat":[369],"product_tag":[],"_links":{"self":[{"href":"https:\/\/ramrolf.lv\/lv\/wp-json\/wp\/v2\/product\/40036"}],"collection":[{"href":"https:\/\/ramrolf.lv\/lv\/wp-json\/wp\/v2\/product"}],"about":[{"href":"https:\/\/ramrolf.lv\/lv\/wp-json\/wp\/v2\/types\/product"}],"wp:featuredmedia":[{"embeddable":true,"href":"https:\/\/ramrolf.lv\/lv\/wp-json\/wp\/v2\/media\/40037"}],"wp:attachment":[{"href":"https:\/\/ramrolf.lv\/lv\/wp-json\/wp\/v2\/media?parent=40036"}],"wp:term":[{"taxonomy":"product_cat","embeddable":true,"href":"https:\/\/ramrolf.lv\/lv\/wp-json\/wp\/v2\/product_cat?post=40036"},{"taxonomy":"product_tag","embeddable":true,"href":"https:\/\/ramrolf.lv\/lv\/wp-json\/wp\/v2\/product_tag?post=40036"}],"curies":[{"name":"wp","href":"https:\/\/api.w.org\/{rel}","templated":true}]}}