{"id":40042,"date":"2018-11-19T23:35:10","date_gmt":"2018-11-19T20:35:10","guid":{"rendered":"http:\/\/www.ramrolf.eu\/product\/lvgreenfield-jasmine-dream-zala-teja-25x2g\/"},"modified":"2018-11-20T18:02:27","modified_gmt":"2018-11-20T15:02:27","slug":"lvgreenfield-jasmine-dream-zala-teja-25x2g","status":"publish","type":"product","link":"https:\/\/ramrolf.lv\/lv\/product\/lvgreenfield-jasmine-dream-zala-teja-25x2g\/","title":{"rendered":"GREENFIELD Jasmine Dream za\u013c\u0101 t\u0113ja 25x2g"},"content":{"rendered":"","protected":false},"excerpt":{"rendered":"<p>Za\u013c\u0101 un aromatiz\u0113ta za\u013c\u0101 t\u0113ja<\/p>\n","protected":false},"featured_media":40043,"template":"","meta":[],"product_cat":[369],"product_tag":[],"_links":{"self":[{"href":"https:\/\/ramrolf.lv\/lv\/wp-json\/wp\/v2\/product\/40042"}],"collection":[{"href":"https:\/\/ramrolf.lv\/lv\/wp-json\/wp\/v2\/product"}],"about":[{"href":"https:\/\/ramrolf.lv\/lv\/wp-json\/wp\/v2\/types\/product"}],"wp:featuredmedia":[{"embeddable":true,"href":"https:\/\/ramrolf.lv\/lv\/wp-json\/wp\/v2\/media\/40043"}],"wp:attachment":[{"href":"https:\/\/ramrolf.lv\/lv\/wp-json\/wp\/v2\/media?parent=40042"}],"wp:term":[{"taxonomy":"product_cat","embeddable":true,"href":"https:\/\/ramrolf.lv\/lv\/wp-json\/wp\/v2\/product_cat?post=40042"},{"taxonomy":"product_tag","embeddable":true,"href":"https:\/\/ramrolf.lv\/lv\/wp-json\/wp\/v2\/product_tag?post=40042"}],"curies":[{"name":"wp","href":"https:\/\/api.w.org\/{rel}","templated":true}]}}