{"id":40054,"date":"2018-11-19T23:35:12","date_gmt":"2018-11-19T20:35:12","guid":{"rendered":"http:\/\/www.ramrolf.eu\/product\/lvteja-yellow-label-25pac-melna-lipton\/"},"modified":"2018-11-20T15:14:57","modified_gmt":"2018-11-20T12:14:57","slug":"lvteja-yellow-label-25pac-melna-lipton","status":"publish","type":"product","link":"https:\/\/ramrolf.lv\/lv\/product\/lvteja-yellow-label-25pac-melna-lipton\/","title":{"rendered":"T\u0113ja Yellow Label,  25pac. meln\u0101,  Lipton"},"content":{"rendered":"","protected":false},"excerpt":{"rendered":"<p>Meln\u0101 t\u0113ja<\/p>\n","protected":false},"featured_media":40055,"template":"","meta":[],"product_cat":[369],"product_tag":[],"_links":{"self":[{"href":"https:\/\/ramrolf.lv\/lv\/wp-json\/wp\/v2\/product\/40054"}],"collection":[{"href":"https:\/\/ramrolf.lv\/lv\/wp-json\/wp\/v2\/product"}],"about":[{"href":"https:\/\/ramrolf.lv\/lv\/wp-json\/wp\/v2\/types\/product"}],"wp:featuredmedia":[{"embeddable":true,"href":"https:\/\/ramrolf.lv\/lv\/wp-json\/wp\/v2\/media\/40055"}],"wp:attachment":[{"href":"https:\/\/ramrolf.lv\/lv\/wp-json\/wp\/v2\/media?parent=40054"}],"wp:term":[{"taxonomy":"product_cat","embeddable":true,"href":"https:\/\/ramrolf.lv\/lv\/wp-json\/wp\/v2\/product_cat?post=40054"},{"taxonomy":"product_tag","embeddable":true,"href":"https:\/\/ramrolf.lv\/lv\/wp-json\/wp\/v2\/product_tag?post=40054"}],"curies":[{"name":"wp","href":"https:\/\/api.w.org\/{rel}","templated":true}]}}