{"id":40058,"date":"2018-11-19T23:35:13","date_gmt":"2018-11-19T20:35:13","guid":{"rendered":"http:\/\/www.ramrolf.eu\/product\/lvgreenfield-spring-melody-melna-teja-25x1-5g\/"},"modified":"2018-11-20T15:08:33","modified_gmt":"2018-11-20T12:08:33","slug":"lvgreenfield-spring-melody-melna-teja-25x1-5g","status":"publish","type":"product","link":"https:\/\/ramrolf.lv\/lv\/product\/lvgreenfield-spring-melody-melna-teja-25x1-5g\/","title":{"rendered":"GREENFIELD Spring Melody meln\u0101 t\u0113ja 25&#215;1, 5g"},"content":{"rendered":"","protected":false},"excerpt":{"rendered":"<p>Meln\u0101 aromatiz\u0113t\u0101 t\u0113ja<\/p>\n","protected":false},"featured_media":40059,"template":"","meta":[],"product_cat":[369],"product_tag":[],"_links":{"self":[{"href":"https:\/\/ramrolf.lv\/lv\/wp-json\/wp\/v2\/product\/40058"}],"collection":[{"href":"https:\/\/ramrolf.lv\/lv\/wp-json\/wp\/v2\/product"}],"about":[{"href":"https:\/\/ramrolf.lv\/lv\/wp-json\/wp\/v2\/types\/product"}],"wp:featuredmedia":[{"embeddable":true,"href":"https:\/\/ramrolf.lv\/lv\/wp-json\/wp\/v2\/media\/40059"}],"wp:attachment":[{"href":"https:\/\/ramrolf.lv\/lv\/wp-json\/wp\/v2\/media?parent=40058"}],"wp:term":[{"taxonomy":"product_cat","embeddable":true,"href":"https:\/\/ramrolf.lv\/lv\/wp-json\/wp\/v2\/product_cat?post=40058"},{"taxonomy":"product_tag","embeddable":true,"href":"https:\/\/ramrolf.lv\/lv\/wp-json\/wp\/v2\/product_tag?post=40058"}],"curies":[{"name":"wp","href":"https:\/\/api.w.org\/{rel}","templated":true}]}}