{"id":40070,"date":"2018-11-19T23:35:15","date_gmt":"2018-11-19T20:35:15","guid":{"rendered":"http:\/\/www.ramrolf.eu\/product\/lvcukura-standzinas-alvo-5g-50gab-iepakojuma\/"},"modified":"2021-08-25T16:31:23","modified_gmt":"2021-08-25T13:31:23","slug":"lvcukura-standzinas-alvo-5g-50gab-iepakojuma","status":"publish","type":"product","link":"https:\/\/ramrolf.lv\/lv\/product\/lvcukura-standzinas-alvo-5g-50gab-iepakojuma\/","title":{"rendered":"Cukura standzi\u0146as ALVO 5g,  50gab. iepakojum\u0101"},"content":{"rendered":"","protected":false},"excerpt":{"rendered":"<p>Cukurs, saldais kr\u0113jums, piens<\/p>\n","protected":false},"featured_media":40071,"template":"","meta":[],"product_cat":[368,370],"product_tag":[],"_links":{"self":[{"href":"https:\/\/ramrolf.lv\/lv\/wp-json\/wp\/v2\/product\/40070"}],"collection":[{"href":"https:\/\/ramrolf.lv\/lv\/wp-json\/wp\/v2\/product"}],"about":[{"href":"https:\/\/ramrolf.lv\/lv\/wp-json\/wp\/v2\/types\/product"}],"wp:featuredmedia":[{"embeddable":true,"href":"https:\/\/ramrolf.lv\/lv\/wp-json\/wp\/v2\/media\/40071"}],"wp:attachment":[{"href":"https:\/\/ramrolf.lv\/lv\/wp-json\/wp\/v2\/media?parent=40070"}],"wp:term":[{"taxonomy":"product_cat","embeddable":true,"href":"https:\/\/ramrolf.lv\/lv\/wp-json\/wp\/v2\/product_cat?post=40070"},{"taxonomy":"product_tag","embeddable":true,"href":"https:\/\/ramrolf.lv\/lv\/wp-json\/wp\/v2\/product_tag?post=40070"}],"curies":[{"name":"wp","href":"https:\/\/api.w.org\/{rel}","templated":true}]}}