{"id":40102,"date":"2018-11-19T23:35:20","date_gmt":"2018-11-19T20:35:20","guid":{"rendered":"http:\/\/www.ramrolf.eu\/product\/lvkafija-skistosa-jacobs-kronung-200g\/"},"modified":"2021-08-25T16:31:23","modified_gmt":"2021-08-25T13:31:23","slug":"lvkafija-skistosa-jacobs-kronung-200g","status":"publish","type":"product","link":"https:\/\/ramrolf.lv\/lv\/product\/lvkafija-skistosa-jacobs-kronung-200g\/","title":{"rendered":"Kafija \u0161\u0137\u012bsto\u0161a JACOBS KRONUNG,  200g."},"content":{"rendered":"","protected":false},"excerpt":{"rendered":"<p>Kafija<\/p>\n","protected":false},"featured_media":40103,"template":"","meta":[],"product_cat":[372,368],"product_tag":[],"_links":{"self":[{"href":"https:\/\/ramrolf.lv\/lv\/wp-json\/wp\/v2\/product\/40102"}],"collection":[{"href":"https:\/\/ramrolf.lv\/lv\/wp-json\/wp\/v2\/product"}],"about":[{"href":"https:\/\/ramrolf.lv\/lv\/wp-json\/wp\/v2\/types\/product"}],"wp:featuredmedia":[{"embeddable":true,"href":"https:\/\/ramrolf.lv\/lv\/wp-json\/wp\/v2\/media\/40103"}],"wp:attachment":[{"href":"https:\/\/ramrolf.lv\/lv\/wp-json\/wp\/v2\/media?parent=40102"}],"wp:term":[{"taxonomy":"product_cat","embeddable":true,"href":"https:\/\/ramrolf.lv\/lv\/wp-json\/wp\/v2\/product_cat?post=40102"},{"taxonomy":"product_tag","embeddable":true,"href":"https:\/\/ramrolf.lv\/lv\/wp-json\/wp\/v2\/product_tag?post=40102"}],"curies":[{"name":"wp","href":"https:\/\/api.w.org\/{rel}","templated":true}]}}