{"id":40108,"date":"2018-11-19T23:35:21","date_gmt":"2018-11-19T20:35:21","guid":{"rendered":"http:\/\/www.ramrolf.eu\/product\/lvgreenfield-chocolate-toffee-melna-teja-25-x-1-5g\/"},"modified":"2018-11-20T17:51:53","modified_gmt":"2018-11-20T14:51:53","slug":"lvgreenfield-chocolate-toffee-melna-teja-25-x-1-5g","status":"publish","type":"product","link":"https:\/\/ramrolf.lv\/lv\/product\/lvgreenfield-chocolate-toffee-melna-teja-25-x-1-5g\/","title":{"rendered":"GREENFIELD Chocolate Toffee meln\u0101 t\u0113ja 25 x 1.5g"},"content":{"rendered":"","protected":false},"excerpt":{"rendered":"<p>Meln\u0101 aromatiz\u0113t\u0101 t\u0113ja<\/p>\n","protected":false},"featured_media":40109,"template":"","meta":[],"product_cat":[369],"product_tag":[],"_links":{"self":[{"href":"https:\/\/ramrolf.lv\/lv\/wp-json\/wp\/v2\/product\/40108"}],"collection":[{"href":"https:\/\/ramrolf.lv\/lv\/wp-json\/wp\/v2\/product"}],"about":[{"href":"https:\/\/ramrolf.lv\/lv\/wp-json\/wp\/v2\/types\/product"}],"wp:featuredmedia":[{"embeddable":true,"href":"https:\/\/ramrolf.lv\/lv\/wp-json\/wp\/v2\/media\/40109"}],"wp:attachment":[{"href":"https:\/\/ramrolf.lv\/lv\/wp-json\/wp\/v2\/media?parent=40108"}],"wp:term":[{"taxonomy":"product_cat","embeddable":true,"href":"https:\/\/ramrolf.lv\/lv\/wp-json\/wp\/v2\/product_cat?post=40108"},{"taxonomy":"product_tag","embeddable":true,"href":"https:\/\/ramrolf.lv\/lv\/wp-json\/wp\/v2\/product_tag?post=40108"}],"curies":[{"name":"wp","href":"https:\/\/api.w.org\/{rel}","templated":true}]}}