{"id":40128,"date":"2018-11-19T23:35:25","date_gmt":"2018-11-19T20:35:25","guid":{"rendered":"http:\/\/www.ramrolf.eu\/product\/lvauglu-teja-lipton-mezrozisu-upenu-20x2g\/"},"modified":"2018-11-20T15:05:24","modified_gmt":"2018-11-20T12:05:24","slug":"lvauglu-teja-lipton-mezrozisu-upenu-20x2g","status":"publish","type":"product","link":"https:\/\/ramrolf.lv\/lv\/product\/lvauglu-teja-lipton-mezrozisu-upenu-20x2g\/","title":{"rendered":"Aug\u013cu t\u0113ja Lipton me\u017eroz\u012b\u0161u-upe\u0146u,  20x2g."},"content":{"rendered":"","protected":false},"excerpt":{"rendered":"<p>Z\u0101\u013cu un aug\u013cu t\u0113ja<\/p>\n","protected":false},"featured_media":40129,"template":"","meta":[],"product_cat":[369],"product_tag":[],"_links":{"self":[{"href":"https:\/\/ramrolf.lv\/lv\/wp-json\/wp\/v2\/product\/40128"}],"collection":[{"href":"https:\/\/ramrolf.lv\/lv\/wp-json\/wp\/v2\/product"}],"about":[{"href":"https:\/\/ramrolf.lv\/lv\/wp-json\/wp\/v2\/types\/product"}],"wp:featuredmedia":[{"embeddable":true,"href":"https:\/\/ramrolf.lv\/lv\/wp-json\/wp\/v2\/media\/40129"}],"wp:attachment":[{"href":"https:\/\/ramrolf.lv\/lv\/wp-json\/wp\/v2\/media?parent=40128"}],"wp:term":[{"taxonomy":"product_cat","embeddable":true,"href":"https:\/\/ramrolf.lv\/lv\/wp-json\/wp\/v2\/product_cat?post=40128"},{"taxonomy":"product_tag","embeddable":true,"href":"https:\/\/ramrolf.lv\/lv\/wp-json\/wp\/v2\/product_tag?post=40128"}],"curies":[{"name":"wp","href":"https:\/\/api.w.org\/{rel}","templated":true}]}}