{"id":40134,"date":"2018-11-19T23:35:26","date_gmt":"2018-11-19T20:35:26","guid":{"rendered":"http:\/\/www.ramrolf.eu\/product\/lvteja-zalu-lipton-kumelisu-citronzales-20x1g\/"},"modified":"2018-11-20T17:36:45","modified_gmt":"2018-11-20T14:36:45","slug":"lvteja-zalu-lipton-kumelisu-citronzales-20x1g","status":"publish","type":"product","link":"https:\/\/ramrolf.lv\/lv\/product\/lvteja-zalu-lipton-kumelisu-citronzales-20x1g\/","title":{"rendered":"T\u0113ja z\u0101\u013cu LIPTON kumel\u012b\u0161u-citronz\u0101les,  20x1g"},"content":{"rendered":"","protected":false},"excerpt":{"rendered":"<p>Z\u0101\u013cu un aug\u013cu t\u0113ja<\/p>\n","protected":false},"featured_media":40135,"template":"","meta":[],"product_cat":[369],"product_tag":[],"_links":{"self":[{"href":"https:\/\/ramrolf.lv\/lv\/wp-json\/wp\/v2\/product\/40134"}],"collection":[{"href":"https:\/\/ramrolf.lv\/lv\/wp-json\/wp\/v2\/product"}],"about":[{"href":"https:\/\/ramrolf.lv\/lv\/wp-json\/wp\/v2\/types\/product"}],"wp:featuredmedia":[{"embeddable":true,"href":"https:\/\/ramrolf.lv\/lv\/wp-json\/wp\/v2\/media\/40135"}],"wp:attachment":[{"href":"https:\/\/ramrolf.lv\/lv\/wp-json\/wp\/v2\/media?parent=40134"}],"wp:term":[{"taxonomy":"product_cat","embeddable":true,"href":"https:\/\/ramrolf.lv\/lv\/wp-json\/wp\/v2\/product_cat?post=40134"},{"taxonomy":"product_tag","embeddable":true,"href":"https:\/\/ramrolf.lv\/lv\/wp-json\/wp\/v2\/product_tag?post=40134"}],"curies":[{"name":"wp","href":"https:\/\/api.w.org\/{rel}","templated":true}]}}