{"id":40148,"date":"2018-11-19T23:35:29","date_gmt":"2018-11-19T20:35:29","guid":{"rendered":"http:\/\/www.ramrolf.eu\/product\/lvgreenfield-mintchocolate-melna-teja-20x1-8g\/"},"modified":"2018-11-20T16:16:18","modified_gmt":"2018-11-20T13:16:18","slug":"lvgreenfield-mintchocolate-melna-teja-20x1-8g","status":"publish","type":"product","link":"https:\/\/ramrolf.lv\/lv\/product\/lvgreenfield-mintchocolate-melna-teja-20x1-8g\/","title":{"rendered":"GREENFIELD Mint&#038;Chocolate meln\u0101 t\u0113ja 20&#215;1.8g"},"content":{"rendered":"","protected":false},"excerpt":{"rendered":"<p>Meln\u0101 aromatiz\u0113t\u0101 t\u0113ja<\/p>\n","protected":false},"featured_media":40149,"template":"","meta":[],"product_cat":[369],"product_tag":[],"_links":{"self":[{"href":"https:\/\/ramrolf.lv\/lv\/wp-json\/wp\/v2\/product\/40148"}],"collection":[{"href":"https:\/\/ramrolf.lv\/lv\/wp-json\/wp\/v2\/product"}],"about":[{"href":"https:\/\/ramrolf.lv\/lv\/wp-json\/wp\/v2\/types\/product"}],"wp:featuredmedia":[{"embeddable":true,"href":"https:\/\/ramrolf.lv\/lv\/wp-json\/wp\/v2\/media\/40149"}],"wp:attachment":[{"href":"https:\/\/ramrolf.lv\/lv\/wp-json\/wp\/v2\/media?parent=40148"}],"wp:term":[{"taxonomy":"product_cat","embeddable":true,"href":"https:\/\/ramrolf.lv\/lv\/wp-json\/wp\/v2\/product_cat?post=40148"},{"taxonomy":"product_tag","embeddable":true,"href":"https:\/\/ramrolf.lv\/lv\/wp-json\/wp\/v2\/product_tag?post=40148"}],"curies":[{"name":"wp","href":"https:\/\/api.w.org\/{rel}","templated":true}]}}