{"id":40174,"date":"2018-11-19T23:35:34","date_gmt":"2018-11-19T20:35:34","guid":{"rendered":"http:\/\/www.ramrolf.eu\/product\/lvkonfektes-sokolade-asorti-maitre-truffout-45g\/"},"modified":"2021-08-25T16:31:20","modified_gmt":"2021-08-25T13:31:20","slug":"lvkonfektes-sokolade-asorti-maitre-truffout-45g","status":"publish","type":"product","link":"https:\/\/ramrolf.lv\/lv\/product\/lvkonfektes-sokolade-asorti-maitre-truffout-45g\/","title":{"rendered":"*Konfektes \u0161okol\u0101d\u0113 asorti Maitre Truffout 45g"},"content":{"rendered":"","protected":false},"excerpt":{"rendered":"<p>Konfektes, cepumi<\/p>\n","protected":false},"featured_media":40175,"template":"","meta":[],"product_cat":[368,371],"product_tag":[],"_links":{"self":[{"href":"https:\/\/ramrolf.lv\/lv\/wp-json\/wp\/v2\/product\/40174"}],"collection":[{"href":"https:\/\/ramrolf.lv\/lv\/wp-json\/wp\/v2\/product"}],"about":[{"href":"https:\/\/ramrolf.lv\/lv\/wp-json\/wp\/v2\/types\/product"}],"wp:featuredmedia":[{"embeddable":true,"href":"https:\/\/ramrolf.lv\/lv\/wp-json\/wp\/v2\/media\/40175"}],"wp:attachment":[{"href":"https:\/\/ramrolf.lv\/lv\/wp-json\/wp\/v2\/media?parent=40174"}],"wp:term":[{"taxonomy":"product_cat","embeddable":true,"href":"https:\/\/ramrolf.lv\/lv\/wp-json\/wp\/v2\/product_cat?post=40174"},{"taxonomy":"product_tag","embeddable":true,"href":"https:\/\/ramrolf.lv\/lv\/wp-json\/wp\/v2\/product_tag?post=40174"}],"curies":[{"name":"wp","href":"https:\/\/api.w.org\/{rel}","templated":true}]}}