{"id":40196,"date":"2018-11-19T23:35:38","date_gmt":"2018-11-19T20:35:38","guid":{"rendered":"http:\/\/www.ramrolf.eu\/product\/lvgreenfield-mango-delight-balta-teja-25x1-8g\/"},"modified":"2018-11-20T15:04:12","modified_gmt":"2018-11-20T12:04:12","slug":"lvgreenfield-mango-delight-balta-teja-25x1-8g","status":"publish","type":"product","link":"https:\/\/ramrolf.lv\/lv\/product\/lvgreenfield-mango-delight-balta-teja-25x1-8g\/","title":{"rendered":"GREENFIELD Mango Delight balt\u0101 t\u0113ja 25&#215;1.8g"},"content":{"rendered":"","protected":false},"excerpt":{"rendered":"<p>Za\u013c\u0101 un aromatiz\u0113ta za\u013c\u0101 t\u0113ja<\/p>\n","protected":false},"featured_media":40197,"template":"","meta":[],"product_cat":[369],"product_tag":[],"_links":{"self":[{"href":"https:\/\/ramrolf.lv\/lv\/wp-json\/wp\/v2\/product\/40196"}],"collection":[{"href":"https:\/\/ramrolf.lv\/lv\/wp-json\/wp\/v2\/product"}],"about":[{"href":"https:\/\/ramrolf.lv\/lv\/wp-json\/wp\/v2\/types\/product"}],"wp:featuredmedia":[{"embeddable":true,"href":"https:\/\/ramrolf.lv\/lv\/wp-json\/wp\/v2\/media\/40197"}],"wp:attachment":[{"href":"https:\/\/ramrolf.lv\/lv\/wp-json\/wp\/v2\/media?parent=40196"}],"wp:term":[{"taxonomy":"product_cat","embeddable":true,"href":"https:\/\/ramrolf.lv\/lv\/wp-json\/wp\/v2\/product_cat?post=40196"},{"taxonomy":"product_tag","embeddable":true,"href":"https:\/\/ramrolf.lv\/lv\/wp-json\/wp\/v2\/product_tag?post=40196"}],"curies":[{"name":"wp","href":"https:\/\/api.w.org\/{rel}","templated":true}]}}