{"id":40576,"date":"2018-11-22T17:05:25","date_gmt":"2018-11-22T14:05:25","guid":{"rendered":"http:\/\/www.ramrolf.eu\/product\/lvkanvas-fotodrukasanai-a4-280gr-5lap\/"},"modified":"2018-11-22T17:05:25","modified_gmt":"2018-11-22T14:05:25","slug":"lvkanvas-fotodrukasanai-a4-280gr-5lap","status":"publish","type":"product","link":"https:\/\/ramrolf.lv\/lv\/product\/lvkanvas-fotodrukasanai-a4-280gr-5lap\/","title":{"rendered":"Kanvas fotodruka\u0161anai A4 280gr 5lap"},"content":{"rendered":"","protected":false},"excerpt":{"rendered":"<p>Fotopap\u012brs ar spec.p\u0101rklaju<\/p>\n","protected":false},"featured_media":40577,"template":"","meta":[],"product_cat":[454],"product_tag":[],"_links":{"self":[{"href":"https:\/\/ramrolf.lv\/lv\/wp-json\/wp\/v2\/product\/40576"}],"collection":[{"href":"https:\/\/ramrolf.lv\/lv\/wp-json\/wp\/v2\/product"}],"about":[{"href":"https:\/\/ramrolf.lv\/lv\/wp-json\/wp\/v2\/types\/product"}],"wp:featuredmedia":[{"embeddable":true,"href":"https:\/\/ramrolf.lv\/lv\/wp-json\/wp\/v2\/media\/40577"}],"wp:attachment":[{"href":"https:\/\/ramrolf.lv\/lv\/wp-json\/wp\/v2\/media?parent=40576"}],"wp:term":[{"taxonomy":"product_cat","embeddable":true,"href":"https:\/\/ramrolf.lv\/lv\/wp-json\/wp\/v2\/product_cat?post=40576"},{"taxonomy":"product_tag","embeddable":true,"href":"https:\/\/ramrolf.lv\/lv\/wp-json\/wp\/v2\/product_tag?post=40576"}],"curies":[{"name":"wp","href":"https:\/\/api.w.org\/{rel}","templated":true}]}}