{"id":40584,"date":"2018-11-22T17:05:27","date_gmt":"2018-11-22T14:05:27","guid":{"rendered":"http:\/\/www.ramrolf.eu\/product\/lvfotopapirs-10x15cm-180g-20lap-glancets-hartwii\/"},"modified":"2018-11-22T17:05:27","modified_gmt":"2018-11-22T14:05:27","slug":"lvfotopapirs-10x15cm-180g-20lap-glancets-hartwii","status":"publish","type":"product","link":"https:\/\/ramrolf.lv\/lv\/product\/lvfotopapirs-10x15cm-180g-20lap-glancets-hartwii\/","title":{"rendered":"Fotopap\u012brs 10x15cm 180g 20lap glanc\u0113ts Hartwii"},"content":{"rendered":"","protected":false},"excerpt":{"rendered":"<p>Fotopap\u012brs glanc\u0113ts<\/p>\n","protected":false},"featured_media":40585,"template":"","meta":[],"product_cat":[454],"product_tag":[],"_links":{"self":[{"href":"https:\/\/ramrolf.lv\/lv\/wp-json\/wp\/v2\/product\/40584"}],"collection":[{"href":"https:\/\/ramrolf.lv\/lv\/wp-json\/wp\/v2\/product"}],"about":[{"href":"https:\/\/ramrolf.lv\/lv\/wp-json\/wp\/v2\/types\/product"}],"wp:featuredmedia":[{"embeddable":true,"href":"https:\/\/ramrolf.lv\/lv\/wp-json\/wp\/v2\/media\/40585"}],"wp:attachment":[{"href":"https:\/\/ramrolf.lv\/lv\/wp-json\/wp\/v2\/media?parent=40584"}],"wp:term":[{"taxonomy":"product_cat","embeddable":true,"href":"https:\/\/ramrolf.lv\/lv\/wp-json\/wp\/v2\/product_cat?post=40584"},{"taxonomy":"product_tag","embeddable":true,"href":"https:\/\/ramrolf.lv\/lv\/wp-json\/wp\/v2\/product_tag?post=40584"}],"curies":[{"name":"wp","href":"https:\/\/api.w.org\/{rel}","templated":true}]}}