{"id":40620,"date":"2018-11-22T17:05:37","date_gmt":"2018-11-22T14:05:37","guid":{"rendered":"http:\/\/www.ramrolf.eu\/product\/lvfotopapirs-a4-240-260g-20lap-matets-divpusigs-hartwii\/"},"modified":"2018-11-22T17:05:37","modified_gmt":"2018-11-22T14:05:37","slug":"lvfotopapirs-a4-240-260g-20lap-matets-divpusigs-hartwii","status":"publish","type":"product","link":"https:\/\/ramrolf.lv\/lv\/product\/lvfotopapirs-a4-240-260g-20lap-matets-divpusigs-hartwii\/","title":{"rendered":"Fotopap\u012brs A4 240\/260g 20lap Mat\u0113ts divpusigs Hartwii"},"content":{"rendered":"","protected":false},"excerpt":{"rendered":"<p>Fotopap\u012brs mat\u0113ts<\/p>\n","protected":false},"featured_media":40621,"template":"","meta":[],"product_cat":[454],"product_tag":[],"_links":{"self":[{"href":"https:\/\/ramrolf.lv\/lv\/wp-json\/wp\/v2\/product\/40620"}],"collection":[{"href":"https:\/\/ramrolf.lv\/lv\/wp-json\/wp\/v2\/product"}],"about":[{"href":"https:\/\/ramrolf.lv\/lv\/wp-json\/wp\/v2\/types\/product"}],"wp:featuredmedia":[{"embeddable":true,"href":"https:\/\/ramrolf.lv\/lv\/wp-json\/wp\/v2\/media\/40621"}],"wp:attachment":[{"href":"https:\/\/ramrolf.lv\/lv\/wp-json\/wp\/v2\/media?parent=40620"}],"wp:term":[{"taxonomy":"product_cat","embeddable":true,"href":"https:\/\/ramrolf.lv\/lv\/wp-json\/wp\/v2\/product_cat?post=40620"},{"taxonomy":"product_tag","embeddable":true,"href":"https:\/\/ramrolf.lv\/lv\/wp-json\/wp\/v2\/product_tag?post=40620"}],"curies":[{"name":"wp","href":"https:\/\/api.w.org\/{rel}","templated":true}]}}