{"id":40638,"date":"2018-11-22T17:05:42","date_gmt":"2018-11-22T14:05:42","guid":{"rendered":"http:\/\/www.ramrolf.eu\/product\/lvpaslimejoss-fotopapirs-a4-135g-50lap-glancets-hartwii\/"},"modified":"2018-11-22T17:05:42","modified_gmt":"2018-11-22T14:05:42","slug":"lvpaslimejoss-fotopapirs-a4-135g-50lap-glancets-hartwii","status":"publish","type":"product","link":"https:\/\/ramrolf.lv\/lv\/product\/lvpaslimejoss-fotopapirs-a4-135g-50lap-glancets-hartwii\/","title":{"rendered":"Pa\u0161l\u012bm\u0113jo\u0161s fotopap\u012brs A4 135g 50lap glanc\u0113ts Hartwii"},"content":{"rendered":"","protected":false},"excerpt":{"rendered":"<p>Fotopap\u012brs glanc\u0113ts<\/p>\n","protected":false},"featured_media":40639,"template":"","meta":[],"product_cat":[454],"product_tag":[],"_links":{"self":[{"href":"https:\/\/ramrolf.lv\/lv\/wp-json\/wp\/v2\/product\/40638"}],"collection":[{"href":"https:\/\/ramrolf.lv\/lv\/wp-json\/wp\/v2\/product"}],"about":[{"href":"https:\/\/ramrolf.lv\/lv\/wp-json\/wp\/v2\/types\/product"}],"wp:featuredmedia":[{"embeddable":true,"href":"https:\/\/ramrolf.lv\/lv\/wp-json\/wp\/v2\/media\/40639"}],"wp:attachment":[{"href":"https:\/\/ramrolf.lv\/lv\/wp-json\/wp\/v2\/media?parent=40638"}],"wp:term":[{"taxonomy":"product_cat","embeddable":true,"href":"https:\/\/ramrolf.lv\/lv\/wp-json\/wp\/v2\/product_cat?post=40638"},{"taxonomy":"product_tag","embeddable":true,"href":"https:\/\/ramrolf.lv\/lv\/wp-json\/wp\/v2\/product_tag?post=40638"}],"curies":[{"name":"wp","href":"https:\/\/api.w.org\/{rel}","templated":true}]}}