{"id":40773,"date":"2018-11-22T17:22:53","date_gmt":"2018-11-22T14:22:53","guid":{"rendered":"http:\/\/www.ramrolf.eu\/product\/lvkrasu-rullis-motex-5500-20mm\/"},"modified":"2019-01-18T15:53:17","modified_gmt":"2019-01-18T12:53:17","slug":"lvkrasu-rullis-motex-5500-20mm","status":"publish","type":"product","link":"https:\/\/ramrolf.lv\/lv\/product\/lvkrasu-rullis-motex-5500-20mm\/","title":{"rendered":"Kr\u0101su rullis MOTEX 550, 21.5x12mm, 20mm"},"content":{"rendered":"","protected":false},"excerpt":{"rendered":"<p>Ru\u013c\u013ci mar\u0137\u0113\u0161anas pistol\u0113m, rezerves da\u013cas<\/p>\n","protected":false},"featured_media":40774,"template":"","meta":[],"product_cat":[459],"product_tag":[],"_links":{"self":[{"href":"https:\/\/ramrolf.lv\/lv\/wp-json\/wp\/v2\/product\/40773"}],"collection":[{"href":"https:\/\/ramrolf.lv\/lv\/wp-json\/wp\/v2\/product"}],"about":[{"href":"https:\/\/ramrolf.lv\/lv\/wp-json\/wp\/v2\/types\/product"}],"wp:featuredmedia":[{"embeddable":true,"href":"https:\/\/ramrolf.lv\/lv\/wp-json\/wp\/v2\/media\/40774"}],"wp:attachment":[{"href":"https:\/\/ramrolf.lv\/lv\/wp-json\/wp\/v2\/media?parent=40773"}],"wp:term":[{"taxonomy":"product_cat","embeddable":true,"href":"https:\/\/ramrolf.lv\/lv\/wp-json\/wp\/v2\/product_cat?post=40773"},{"taxonomy":"product_tag","embeddable":true,"href":"https:\/\/ramrolf.lv\/lv\/wp-json\/wp\/v2\/product_tag?post=40773"}],"curies":[{"name":"wp","href":"https:\/\/api.w.org\/{rel}","templated":true}]}}