{"id":40789,"date":"2018-11-22T17:22:57","date_gmt":"2018-11-22T14:22:57","guid":{"rendered":"http:\/\/www.ramrolf.eu\/product\/lvkrasu-rullis-markes-pist-blitz-s16-25mm\/"},"modified":"2018-11-22T17:22:57","modified_gmt":"2018-11-22T14:22:57","slug":"lvkrasu-rullis-markes-pist-blitz-s16-25mm","status":"publish","type":"product","link":"https:\/\/ramrolf.lv\/lv\/product\/lvkrasu-rullis-markes-pist-blitz-s16-25mm\/","title":{"rendered":"Kr\u0101su rullis mar\u0137\u0113\u0161.pist. BLITZ S16 25mm"},"content":{"rendered":"","protected":false},"excerpt":{"rendered":"<p>Ru\u013c\u013ci mar\u0137\u0113\u0161anas pistol\u0113m, rezerves da\u013cas<\/p>\n","protected":false},"featured_media":40790,"template":"","meta":[],"product_cat":[459],"product_tag":[],"_links":{"self":[{"href":"https:\/\/ramrolf.lv\/lv\/wp-json\/wp\/v2\/product\/40789"}],"collection":[{"href":"https:\/\/ramrolf.lv\/lv\/wp-json\/wp\/v2\/product"}],"about":[{"href":"https:\/\/ramrolf.lv\/lv\/wp-json\/wp\/v2\/types\/product"}],"wp:featuredmedia":[{"embeddable":true,"href":"https:\/\/ramrolf.lv\/lv\/wp-json\/wp\/v2\/media\/40790"}],"wp:attachment":[{"href":"https:\/\/ramrolf.lv\/lv\/wp-json\/wp\/v2\/media?parent=40789"}],"wp:term":[{"taxonomy":"product_cat","embeddable":true,"href":"https:\/\/ramrolf.lv\/lv\/wp-json\/wp\/v2\/product_cat?post=40789"},{"taxonomy":"product_tag","embeddable":true,"href":"https:\/\/ramrolf.lv\/lv\/wp-json\/wp\/v2\/product_tag?post=40789"}],"curies":[{"name":"wp","href":"https:\/\/api.w.org\/{rel}","templated":true}]}}