{"id":40795,"date":"2018-11-22T17:22:58","date_gmt":"2018-11-22T14:22:58","guid":{"rendered":"http:\/\/www.ramrolf.eu\/product\/lvrezerves-dalas-b-pistol-mx5500\/"},"modified":"2018-11-22T17:22:58","modified_gmt":"2018-11-22T14:22:58","slug":"lvrezerves-dalas-b-pistol-mx5500","status":"publish","type":"product","link":"https:\/\/ramrolf.lv\/lv\/product\/lvrezerves-dalas-b-pistol-mx5500\/","title":{"rendered":"Rezerves da\u013cas B pistol.MX5500"},"content":{"rendered":"","protected":false},"excerpt":{"rendered":"<p>Ru\u013c\u013ci mar\u0137\u0113\u0161anas pistol\u0113m, rezerves da\u013cas<\/p>\n","protected":false},"featured_media":40796,"template":"","meta":[],"product_cat":[459],"product_tag":[],"_links":{"self":[{"href":"https:\/\/ramrolf.lv\/lv\/wp-json\/wp\/v2\/product\/40795"}],"collection":[{"href":"https:\/\/ramrolf.lv\/lv\/wp-json\/wp\/v2\/product"}],"about":[{"href":"https:\/\/ramrolf.lv\/lv\/wp-json\/wp\/v2\/types\/product"}],"wp:featuredmedia":[{"embeddable":true,"href":"https:\/\/ramrolf.lv\/lv\/wp-json\/wp\/v2\/media\/40796"}],"wp:attachment":[{"href":"https:\/\/ramrolf.lv\/lv\/wp-json\/wp\/v2\/media?parent=40795"}],"wp:term":[{"taxonomy":"product_cat","embeddable":true,"href":"https:\/\/ramrolf.lv\/lv\/wp-json\/wp\/v2\/product_cat?post=40795"},{"taxonomy":"product_tag","embeddable":true,"href":"https:\/\/ramrolf.lv\/lv\/wp-json\/wp\/v2\/product_tag?post=40795"}],"curies":[{"name":"wp","href":"https:\/\/api.w.org\/{rel}","templated":true}]}}