{"id":40837,"date":"2018-11-22T17:23:09","date_gmt":"2018-11-22T14:23:09","guid":{"rendered":"http:\/\/www.ramrolf.eu\/product\/lvmarkesanas-lente-22x12mm-balta-1000-uzl-rul\/"},"modified":"2019-01-18T14:50:24","modified_gmt":"2019-01-18T11:50:24","slug":"lvmarkesanas-lente-22x12mm-balta-1000-uzl-rul","status":"publish","type":"product","link":"https:\/\/ramrolf.lv\/lv\/product\/lvmarkesanas-lente-22x12mm-balta-1000-uzl-rul\/","title":{"rendered":"Mar\u0137\u0113\u0161anas lente 22x12mm balta 1000 uzl.\/rul."},"content":{"rendered":"","protected":false},"excerpt":{"rendered":"<p>Mar\u0137\u0113\u0161anas lente<\/p>\n","protected":false},"featured_media":40838,"template":"","meta":[],"product_cat":[459],"product_tag":[],"_links":{"self":[{"href":"https:\/\/ramrolf.lv\/lv\/wp-json\/wp\/v2\/product\/40837"}],"collection":[{"href":"https:\/\/ramrolf.lv\/lv\/wp-json\/wp\/v2\/product"}],"about":[{"href":"https:\/\/ramrolf.lv\/lv\/wp-json\/wp\/v2\/types\/product"}],"wp:featuredmedia":[{"embeddable":true,"href":"https:\/\/ramrolf.lv\/lv\/wp-json\/wp\/v2\/media\/40838"}],"wp:attachment":[{"href":"https:\/\/ramrolf.lv\/lv\/wp-json\/wp\/v2\/media?parent=40837"}],"wp:term":[{"taxonomy":"product_cat","embeddable":true,"href":"https:\/\/ramrolf.lv\/lv\/wp-json\/wp\/v2\/product_cat?post=40837"},{"taxonomy":"product_tag","embeddable":true,"href":"https:\/\/ramrolf.lv\/lv\/wp-json\/wp\/v2\/product_tag?post=40837"}],"curies":[{"name":"wp","href":"https:\/\/api.w.org\/{rel}","templated":true}]}}