{"id":40841,"date":"2018-11-22T17:23:09","date_gmt":"2018-11-22T14:23:09","guid":{"rendered":"http:\/\/www.ramrolf.eu\/product\/lvmarkesanas-lente-22x12mm-oranza-1000uzl-rul\/"},"modified":"2019-01-18T14:51:31","modified_gmt":"2019-01-18T11:51:31","slug":"lvmarkesanas-lente-22x12mm-oranza-1000uzl-rul","status":"publish","type":"product","link":"https:\/\/ramrolf.lv\/lv\/product\/lvmarkesanas-lente-22x12mm-oranza-1000uzl-rul\/","title":{"rendered":"Mar\u0137\u0113\u0161anas lente 22x12mm oran\u017ea 1000uzl.\/rul."},"content":{"rendered":"","protected":false},"excerpt":{"rendered":"<p>Mar\u0137\u0113\u0161anas lente<\/p>\n","protected":false},"featured_media":40842,"template":"","meta":[],"product_cat":[459],"product_tag":[],"_links":{"self":[{"href":"https:\/\/ramrolf.lv\/lv\/wp-json\/wp\/v2\/product\/40841"}],"collection":[{"href":"https:\/\/ramrolf.lv\/lv\/wp-json\/wp\/v2\/product"}],"about":[{"href":"https:\/\/ramrolf.lv\/lv\/wp-json\/wp\/v2\/types\/product"}],"wp:featuredmedia":[{"embeddable":true,"href":"https:\/\/ramrolf.lv\/lv\/wp-json\/wp\/v2\/media\/40842"}],"wp:attachment":[{"href":"https:\/\/ramrolf.lv\/lv\/wp-json\/wp\/v2\/media?parent=40841"}],"wp:term":[{"taxonomy":"product_cat","embeddable":true,"href":"https:\/\/ramrolf.lv\/lv\/wp-json\/wp\/v2\/product_cat?post=40841"},{"taxonomy":"product_tag","embeddable":true,"href":"https:\/\/ramrolf.lv\/lv\/wp-json\/wp\/v2\/product_tag?post=40841"}],"curies":[{"name":"wp","href":"https:\/\/api.w.org\/{rel}","templated":true}]}}