{"id":40861,"date":"2018-11-22T17:23:15","date_gmt":"2018-11-22T14:23:15","guid":{"rendered":"http:\/\/www.ramrolf.eu\/product\/lvmarkes-lente-26x12-oranza-remover\/"},"modified":"2019-01-18T12:54:13","modified_gmt":"2019-01-18T09:54:13","slug":"lvmarkes-lente-26x12-oranza-remover","status":"publish","type":"product","link":"https:\/\/ramrolf.lv\/lv\/product\/lvmarkes-lente-26x12-oranza-remover\/","title":{"rendered":"Mar\u0137\u0113\u0161anas lente 26\u00d712 oran\u017ea 1000uzl.\/rul."},"content":{"rendered":"","protected":false},"excerpt":{"rendered":"<p>Mar\u0137\u0113\u0161anas lente<\/p>\n","protected":false},"featured_media":40862,"template":"","meta":[],"product_cat":[459],"product_tag":[],"_links":{"self":[{"href":"https:\/\/ramrolf.lv\/lv\/wp-json\/wp\/v2\/product\/40861"}],"collection":[{"href":"https:\/\/ramrolf.lv\/lv\/wp-json\/wp\/v2\/product"}],"about":[{"href":"https:\/\/ramrolf.lv\/lv\/wp-json\/wp\/v2\/types\/product"}],"wp:featuredmedia":[{"embeddable":true,"href":"https:\/\/ramrolf.lv\/lv\/wp-json\/wp\/v2\/media\/40862"}],"wp:attachment":[{"href":"https:\/\/ramrolf.lv\/lv\/wp-json\/wp\/v2\/media?parent=40861"}],"wp:term":[{"taxonomy":"product_cat","embeddable":true,"href":"https:\/\/ramrolf.lv\/lv\/wp-json\/wp\/v2\/product_cat?post=40861"},{"taxonomy":"product_tag","embeddable":true,"href":"https:\/\/ramrolf.lv\/lv\/wp-json\/wp\/v2\/product_tag?post=40861"}],"curies":[{"name":"wp","href":"https:\/\/api.w.org\/{rel}","templated":true}]}}