{"id":40867,"date":"2018-11-22T17:23:17","date_gmt":"2018-11-22T14:23:17","guid":{"rendered":"http:\/\/www.ramrolf.eu\/product\/lvmarkesanas-lente-26x16mm-oranza-1000uzl-rul\/"},"modified":"2019-01-18T15:05:08","modified_gmt":"2019-01-18T12:05:08","slug":"lvmarkesanas-lente-26x16mm-oranza-1000uzl-rul","status":"publish","type":"product","link":"https:\/\/ramrolf.lv\/lv\/product\/lvmarkesanas-lente-26x16mm-oranza-1000uzl-rul\/","title":{"rendered":"Mar\u0137\u0113\u0161anas lente 26x16mm oran\u017ea,  1000uzl.\/rul."},"content":{"rendered":"","protected":false},"excerpt":{"rendered":"<p>Mar\u0137\u0113\u0161anas lente<\/p>\n","protected":false},"featured_media":40868,"template":"","meta":[],"product_cat":[459],"product_tag":[],"_links":{"self":[{"href":"https:\/\/ramrolf.lv\/lv\/wp-json\/wp\/v2\/product\/40867"}],"collection":[{"href":"https:\/\/ramrolf.lv\/lv\/wp-json\/wp\/v2\/product"}],"about":[{"href":"https:\/\/ramrolf.lv\/lv\/wp-json\/wp\/v2\/types\/product"}],"wp:featuredmedia":[{"embeddable":true,"href":"https:\/\/ramrolf.lv\/lv\/wp-json\/wp\/v2\/media\/40868"}],"wp:attachment":[{"href":"https:\/\/ramrolf.lv\/lv\/wp-json\/wp\/v2\/media?parent=40867"}],"wp:term":[{"taxonomy":"product_cat","embeddable":true,"href":"https:\/\/ramrolf.lv\/lv\/wp-json\/wp\/v2\/product_cat?post=40867"},{"taxonomy":"product_tag","embeddable":true,"href":"https:\/\/ramrolf.lv\/lv\/wp-json\/wp\/v2\/product_tag?post=40867"}],"curies":[{"name":"wp","href":"https:\/\/api.w.org\/{rel}","templated":true}]}}