{"id":41427,"date":"2018-11-27T15:43:18","date_gmt":"2018-11-27T12:43:18","guid":{"rendered":"http:\/\/www.ramrolf.eu\/product\/lvlimlapinas-76x76mm-400-lapas-dzeltena-krasa-2\/"},"modified":"2019-01-22T14:22:46","modified_gmt":"2019-01-22T11:22:46","slug":"lvlimlapinas-76x76mm-400-lapas-dzeltena-krasa-2","status":"publish","type":"product","link":"https:\/\/ramrolf.lv\/lv\/product\/lvlimlapinas-76x76mm-400-lapas-dzeltena-krasa-2\/","title":{"rendered":"L\u012bmlapi\u0146as 76x76mm,  400 lapas,  dzeltena kr\u0101sa"},"content":{"rendered":"","protected":false},"excerpt":{"rendered":"<p>L\u012bmlapi\u0146as lieli bloki un figuri\u0146as<\/p>\n","protected":false},"featured_media":41428,"template":"","meta":[],"product_cat":[465],"product_tag":[],"_links":{"self":[{"href":"https:\/\/ramrolf.lv\/lv\/wp-json\/wp\/v2\/product\/41427"}],"collection":[{"href":"https:\/\/ramrolf.lv\/lv\/wp-json\/wp\/v2\/product"}],"about":[{"href":"https:\/\/ramrolf.lv\/lv\/wp-json\/wp\/v2\/types\/product"}],"wp:featuredmedia":[{"embeddable":true,"href":"https:\/\/ramrolf.lv\/lv\/wp-json\/wp\/v2\/media\/41428"}],"wp:attachment":[{"href":"https:\/\/ramrolf.lv\/lv\/wp-json\/wp\/v2\/media?parent=41427"}],"wp:term":[{"taxonomy":"product_cat","embeddable":true,"href":"https:\/\/ramrolf.lv\/lv\/wp-json\/wp\/v2\/product_cat?post=41427"},{"taxonomy":"product_tag","embeddable":true,"href":"https:\/\/ramrolf.lv\/lv\/wp-json\/wp\/v2\/product_tag?post=41427"}],"curies":[{"name":"wp","href":"https:\/\/api.w.org\/{rel}","templated":true}]}}