{"id":41443,"date":"2018-11-27T15:43:22","date_gmt":"2018-11-27T12:43:22","guid":{"rendered":"http:\/\/www.ramrolf.eu\/product\/lvlimlapinas-76x76mm-400-lapas-5-neona-krasas\/"},"modified":"2019-04-27T16:42:02","modified_gmt":"2019-04-27T13:42:02","slug":"lvlimlapinas-76x76mm-400-lapas-5-neona-krasas","status":"publish","type":"product","link":"https:\/\/ramrolf.lv\/lv\/product\/lvlimlapinas-76x76mm-400-lapas-5-neona-krasas\/","title":{"rendered":"L\u012bmlapi\u0146as 76x76mm,  400 lapas,  5 neona kr\u0101s\u0101s"},"content":{"rendered":"","protected":false},"excerpt":{"rendered":"<p>L\u012bmlapi\u0146as lieli bloki un figuri\u0146as<\/p>\n","protected":false},"featured_media":41444,"template":"","meta":[],"product_cat":[465],"product_tag":[],"_links":{"self":[{"href":"https:\/\/ramrolf.lv\/lv\/wp-json\/wp\/v2\/product\/41443"}],"collection":[{"href":"https:\/\/ramrolf.lv\/lv\/wp-json\/wp\/v2\/product"}],"about":[{"href":"https:\/\/ramrolf.lv\/lv\/wp-json\/wp\/v2\/types\/product"}],"wp:featuredmedia":[{"embeddable":true,"href":"https:\/\/ramrolf.lv\/lv\/wp-json\/wp\/v2\/media\/41444"}],"wp:attachment":[{"href":"https:\/\/ramrolf.lv\/lv\/wp-json\/wp\/v2\/media?parent=41443"}],"wp:term":[{"taxonomy":"product_cat","embeddable":true,"href":"https:\/\/ramrolf.lv\/lv\/wp-json\/wp\/v2\/product_cat?post=41443"},{"taxonomy":"product_tag","embeddable":true,"href":"https:\/\/ramrolf.lv\/lv\/wp-json\/wp\/v2\/product_tag?post=41443"}],"curies":[{"name":"wp","href":"https:\/\/api.w.org\/{rel}","templated":true}]}}