{"id":41473,"date":"2018-11-27T15:54:35","date_gmt":"2018-11-27T12:54:35","guid":{"rendered":"http:\/\/www.ramrolf.eu\/product\/lvaploksne-aircraft-a-120x175mm-bruna-krasa-ieks-izm-100x165-n\/"},"modified":"2018-11-27T15:54:35","modified_gmt":"2018-11-27T12:54:35","slug":"lvaploksne-aircraft-a-120x175mm-bruna-krasa-ieks-izm-100x165-n","status":"publish","type":"product","link":"https:\/\/ramrolf.lv\/lv\/product\/lvaploksne-aircraft-a-120x175mm-bruna-krasa-ieks-izm-100x165-n\/","title":{"rendered":"Aploksne Aircraft A 120x175mm br\u016bna kr\u0101sa iek\u0161.izm.100&#215;165 N"},"content":{"rendered":"","protected":false},"excerpt":{"rendered":"<p>Aploksnes AIRCRAFT<\/p>\n","protected":false},"featured_media":41474,"template":"","meta":[],"product_cat":[467],"product_tag":[],"_links":{"self":[{"href":"https:\/\/ramrolf.lv\/lv\/wp-json\/wp\/v2\/product\/41473"}],"collection":[{"href":"https:\/\/ramrolf.lv\/lv\/wp-json\/wp\/v2\/product"}],"about":[{"href":"https:\/\/ramrolf.lv\/lv\/wp-json\/wp\/v2\/types\/product"}],"wp:featuredmedia":[{"embeddable":true,"href":"https:\/\/ramrolf.lv\/lv\/wp-json\/wp\/v2\/media\/41474"}],"wp:attachment":[{"href":"https:\/\/ramrolf.lv\/lv\/wp-json\/wp\/v2\/media?parent=41473"}],"wp:term":[{"taxonomy":"product_cat","embeddable":true,"href":"https:\/\/ramrolf.lv\/lv\/wp-json\/wp\/v2\/product_cat?post=41473"},{"taxonomy":"product_tag","embeddable":true,"href":"https:\/\/ramrolf.lv\/lv\/wp-json\/wp\/v2\/product_tag?post=41473"}],"curies":[{"name":"wp","href":"https:\/\/api.w.org\/{rel}","templated":true}]}}