{"id":41789,"date":"2018-11-27T16:01:12","date_gmt":"2018-11-27T13:01:12","guid":{"rendered":"http:\/\/www.ramrolf.eu\/product\/lvuzlimes-dymo-labelwriter-87014-101x54mm-220-uzlimes-rulli\/"},"modified":"2018-11-27T16:01:12","modified_gmt":"2018-11-27T13:01:12","slug":"lvuzlimes-dymo-labelwriter-87014-101x54mm-220-uzlimes-rulli","status":"publish","type":"product","link":"https:\/\/ramrolf.lv\/lv\/product\/lvuzlimes-dymo-labelwriter-87014-101x54mm-220-uzlimes-rulli\/","title":{"rendered":"Uzl\u012bmes DYMO Labelwriter 87014,  101x54mm,  220 uzl\u012bmes rull\u012b"},"content":{"rendered":"","protected":false},"excerpt":{"rendered":"<p>Uzl\u012bmes baltas<\/p>\n","protected":false},"featured_media":41790,"template":"","meta":[],"product_cat":[468],"product_tag":[],"_links":{"self":[{"href":"https:\/\/ramrolf.lv\/lv\/wp-json\/wp\/v2\/product\/41789"}],"collection":[{"href":"https:\/\/ramrolf.lv\/lv\/wp-json\/wp\/v2\/product"}],"about":[{"href":"https:\/\/ramrolf.lv\/lv\/wp-json\/wp\/v2\/types\/product"}],"wp:featuredmedia":[{"embeddable":true,"href":"https:\/\/ramrolf.lv\/lv\/wp-json\/wp\/v2\/media\/41790"}],"wp:attachment":[{"href":"https:\/\/ramrolf.lv\/lv\/wp-json\/wp\/v2\/media?parent=41789"}],"wp:term":[{"taxonomy":"product_cat","embeddable":true,"href":"https:\/\/ramrolf.lv\/lv\/wp-json\/wp\/v2\/product_cat?post=41789"},{"taxonomy":"product_tag","embeddable":true,"href":"https:\/\/ramrolf.lv\/lv\/wp-json\/wp\/v2\/product_tag?post=41789"}],"curies":[{"name":"wp","href":"https:\/\/api.w.org\/{rel}","templated":true}]}}