{"id":41795,"date":"2018-11-27T16:01:13","date_gmt":"2018-11-27T13:01:13","guid":{"rendered":"http:\/\/www.ramrolf.eu\/product\/lvuzlimju-nonemsanas-sprejs-200ml-data-flash\/"},"modified":"2018-11-27T16:01:13","modified_gmt":"2018-11-27T13:01:13","slug":"lvuzlimju-nonemsanas-sprejs-200ml-data-flash","status":"publish","type":"product","link":"https:\/\/ramrolf.lv\/lv\/product\/lvuzlimju-nonemsanas-sprejs-200ml-data-flash\/","title":{"rendered":"Uzl\u012bmju no\u0146em\u0161anas sprejs 200ml Data Flash"},"content":{"rendered":"","protected":false},"excerpt":{"rendered":"<p>Uzl\u012bmju no\u0146em\u0161ana<\/p>\n","protected":false},"featured_media":41796,"template":"","meta":[],"product_cat":[468],"product_tag":[],"_links":{"self":[{"href":"https:\/\/ramrolf.lv\/lv\/wp-json\/wp\/v2\/product\/41795"}],"collection":[{"href":"https:\/\/ramrolf.lv\/lv\/wp-json\/wp\/v2\/product"}],"about":[{"href":"https:\/\/ramrolf.lv\/lv\/wp-json\/wp\/v2\/types\/product"}],"wp:featuredmedia":[{"embeddable":true,"href":"https:\/\/ramrolf.lv\/lv\/wp-json\/wp\/v2\/media\/41796"}],"wp:attachment":[{"href":"https:\/\/ramrolf.lv\/lv\/wp-json\/wp\/v2\/media?parent=41795"}],"wp:term":[{"taxonomy":"product_cat","embeddable":true,"href":"https:\/\/ramrolf.lv\/lv\/wp-json\/wp\/v2\/product_cat?post=41795"},{"taxonomy":"product_tag","embeddable":true,"href":"https:\/\/ramrolf.lv\/lv\/wp-json\/wp\/v2\/product_tag?post=41795"}],"curies":[{"name":"wp","href":"https:\/\/api.w.org\/{rel}","templated":true}]}}