{"id":41816,"date":"2018-11-27T18:53:11","date_gmt":"2018-11-27T15:53:11","guid":{"rendered":"http:\/\/www.ramrolf.eu\/product\/lvpavadzime-a5-50-paskopejosa-cfb\/"},"modified":"2018-11-27T18:53:11","modified_gmt":"2018-11-27T15:53:11","slug":"lvpavadzime-a5-50-paskopejosa-cfb","status":"publish","type":"product","link":"https:\/\/ramrolf.lv\/lv\/product\/lvpavadzime-a5-50-paskopejosa-cfb\/","title":{"rendered":"Pavadz\u012bme A5\/50 pa\u0161kop\u0113jo\u0161a CFB"},"content":{"rendered":"","protected":false},"excerpt":{"rendered":"<p>Veidlapas<\/p>\n","protected":false},"featured_media":41817,"template":"","meta":[],"product_cat":[472],"product_tag":[],"_links":{"self":[{"href":"https:\/\/ramrolf.lv\/lv\/wp-json\/wp\/v2\/product\/41816"}],"collection":[{"href":"https:\/\/ramrolf.lv\/lv\/wp-json\/wp\/v2\/product"}],"about":[{"href":"https:\/\/ramrolf.lv\/lv\/wp-json\/wp\/v2\/types\/product"}],"wp:featuredmedia":[{"embeddable":true,"href":"https:\/\/ramrolf.lv\/lv\/wp-json\/wp\/v2\/media\/41817"}],"wp:attachment":[{"href":"https:\/\/ramrolf.lv\/lv\/wp-json\/wp\/v2\/media?parent=41816"}],"wp:term":[{"taxonomy":"product_cat","embeddable":true,"href":"https:\/\/ramrolf.lv\/lv\/wp-json\/wp\/v2\/product_cat?post=41816"},{"taxonomy":"product_tag","embeddable":true,"href":"https:\/\/ramrolf.lv\/lv\/wp-json\/wp\/v2\/product_tag?post=41816"}],"curies":[{"name":"wp","href":"https:\/\/api.w.org\/{rel}","templated":true}]}}