{"id":41878,"date":"2018-11-27T18:53:28","date_gmt":"2018-11-27T15:53:28","guid":{"rendered":"http:\/\/www.ramrolf.eu\/product\/lvkvits-eka-cekam-a6-2-kart-50-kompl\/"},"modified":"2018-11-27T18:53:28","modified_gmt":"2018-11-27T15:53:28","slug":"lvkvits-eka-cekam-a6-2-kart-50-kompl","status":"publish","type":"product","link":"https:\/\/ramrolf.lv\/lv\/product\/lvkvits-eka-cekam-a6-2-kart-50-kompl\/","title":{"rendered":"Kv\u012bts EKA \u010dekam A6 2-k\u0101rt.\/50 kompl."},"content":{"rendered":"","protected":false},"excerpt":{"rendered":"<p>Veidlapas<\/p>\n","protected":false},"featured_media":41879,"template":"","meta":[],"product_cat":[472],"product_tag":[],"_links":{"self":[{"href":"https:\/\/ramrolf.lv\/lv\/wp-json\/wp\/v2\/product\/41878"}],"collection":[{"href":"https:\/\/ramrolf.lv\/lv\/wp-json\/wp\/v2\/product"}],"about":[{"href":"https:\/\/ramrolf.lv\/lv\/wp-json\/wp\/v2\/types\/product"}],"wp:featuredmedia":[{"embeddable":true,"href":"https:\/\/ramrolf.lv\/lv\/wp-json\/wp\/v2\/media\/41879"}],"wp:attachment":[{"href":"https:\/\/ramrolf.lv\/lv\/wp-json\/wp\/v2\/media?parent=41878"}],"wp:term":[{"taxonomy":"product_cat","embeddable":true,"href":"https:\/\/ramrolf.lv\/lv\/wp-json\/wp\/v2\/product_cat?post=41878"},{"taxonomy":"product_tag","embeddable":true,"href":"https:\/\/ramrolf.lv\/lv\/wp-json\/wp\/v2\/product_tag?post=41878"}],"curies":[{"name":"wp","href":"https:\/\/api.w.org\/{rel}","templated":true}]}}