{"id":41892,"date":"2018-11-27T18:53:32","date_gmt":"2018-11-27T15:53:32","guid":{"rendered":"http:\/\/www.ramrolf.eu\/product\/lvdarijuma-kvits-a6-ar-nr-3-kart-25-kompl\/"},"modified":"2018-11-27T18:53:32","modified_gmt":"2018-11-27T15:53:32","slug":"lvdarijuma-kvits-a6-ar-nr-3-kart-25-kompl","status":"publish","type":"product","link":"https:\/\/ramrolf.lv\/lv\/product\/lvdarijuma-kvits-a6-ar-nr-3-kart-25-kompl\/","title":{"rendered":"Dar\u012bjuma kv\u012bts A6 ar Nr.,  3-k\u0101rt. 25 kompl."},"content":{"rendered":"","protected":false},"excerpt":{"rendered":"<p>Veidlapas<\/p>\n","protected":false},"featured_media":41893,"template":"","meta":[],"product_cat":[472],"product_tag":[],"_links":{"self":[{"href":"https:\/\/ramrolf.lv\/lv\/wp-json\/wp\/v2\/product\/41892"}],"collection":[{"href":"https:\/\/ramrolf.lv\/lv\/wp-json\/wp\/v2\/product"}],"about":[{"href":"https:\/\/ramrolf.lv\/lv\/wp-json\/wp\/v2\/types\/product"}],"wp:featuredmedia":[{"embeddable":true,"href":"https:\/\/ramrolf.lv\/lv\/wp-json\/wp\/v2\/media\/41893"}],"wp:attachment":[{"href":"https:\/\/ramrolf.lv\/lv\/wp-json\/wp\/v2\/media?parent=41892"}],"wp:term":[{"taxonomy":"product_cat","embeddable":true,"href":"https:\/\/ramrolf.lv\/lv\/wp-json\/wp\/v2\/product_cat?post=41892"},{"taxonomy":"product_tag","embeddable":true,"href":"https:\/\/ramrolf.lv\/lv\/wp-json\/wp\/v2\/product_tag?post=41892"}],"curies":[{"name":"wp","href":"https:\/\/api.w.org\/{rel}","templated":true}]}}