{"id":41902,"date":"2018-11-27T18:53:34","date_gmt":"2018-11-27T15:53:34","guid":{"rendered":"http:\/\/www.ramrolf.eu\/product\/lvdarijumu-apliecinosas-kvitis-a5-3-kartas-25kompl\/"},"modified":"2018-11-27T18:53:34","modified_gmt":"2018-11-27T15:53:34","slug":"lvdarijumu-apliecinosas-kvitis-a5-3-kartas-25kompl","status":"publish","type":"product","link":"https:\/\/ramrolf.lv\/lv\/product\/lvdarijumu-apliecinosas-kvitis-a5-3-kartas-25kompl\/","title":{"rendered":"Dar\u012bjumu apliecino\u0161\u0101s kv\u012btis A5 3-k\u0101rtas,  25kompl."},"content":{"rendered":"","protected":false},"excerpt":{"rendered":"<p>Veidlapas<\/p>\n","protected":false},"featured_media":41903,"template":"","meta":[],"product_cat":[472],"product_tag":[],"_links":{"self":[{"href":"https:\/\/ramrolf.lv\/lv\/wp-json\/wp\/v2\/product\/41902"}],"collection":[{"href":"https:\/\/ramrolf.lv\/lv\/wp-json\/wp\/v2\/product"}],"about":[{"href":"https:\/\/ramrolf.lv\/lv\/wp-json\/wp\/v2\/types\/product"}],"wp:featuredmedia":[{"embeddable":true,"href":"https:\/\/ramrolf.lv\/lv\/wp-json\/wp\/v2\/media\/41903"}],"wp:attachment":[{"href":"https:\/\/ramrolf.lv\/lv\/wp-json\/wp\/v2\/media?parent=41902"}],"wp:term":[{"taxonomy":"product_cat","embeddable":true,"href":"https:\/\/ramrolf.lv\/lv\/wp-json\/wp\/v2\/product_cat?post=41902"},{"taxonomy":"product_tag","embeddable":true,"href":"https:\/\/ramrolf.lv\/lv\/wp-json\/wp\/v2\/product_tag?post=41902"}],"curies":[{"name":"wp","href":"https:\/\/api.w.org\/{rel}","templated":true}]}}