{"id":41984,"date":"2018-11-27T18:53:57","date_gmt":"2018-11-27T15:53:57","guid":{"rendered":"http:\/\/www.ramrolf.eu\/product\/lvzurnals-virsgramata-a4-50lp\/"},"modified":"2018-11-27T18:53:57","modified_gmt":"2018-11-27T15:53:57","slug":"lvzurnals-virsgramata-a4-50lp","status":"publish","type":"product","link":"https:\/\/ramrolf.lv\/lv\/product\/lvzurnals-virsgramata-a4-50lp\/","title":{"rendered":"\u017durn\u0101ls &#8220;Virsgr\u0101mata&#8221; A4 50lp."},"content":{"rendered":"","protected":false},"excerpt":{"rendered":"<p>Veidlapas<\/p>\n","protected":false},"featured_media":41985,"template":"","meta":[],"product_cat":[472],"product_tag":[],"_links":{"self":[{"href":"https:\/\/ramrolf.lv\/lv\/wp-json\/wp\/v2\/product\/41984"}],"collection":[{"href":"https:\/\/ramrolf.lv\/lv\/wp-json\/wp\/v2\/product"}],"about":[{"href":"https:\/\/ramrolf.lv\/lv\/wp-json\/wp\/v2\/types\/product"}],"wp:featuredmedia":[{"embeddable":true,"href":"https:\/\/ramrolf.lv\/lv\/wp-json\/wp\/v2\/media\/41985"}],"wp:attachment":[{"href":"https:\/\/ramrolf.lv\/lv\/wp-json\/wp\/v2\/media?parent=41984"}],"wp:term":[{"taxonomy":"product_cat","embeddable":true,"href":"https:\/\/ramrolf.lv\/lv\/wp-json\/wp\/v2\/product_cat?post=41984"},{"taxonomy":"product_tag","embeddable":true,"href":"https:\/\/ramrolf.lv\/lv\/wp-json\/wp\/v2\/product_tag?post=41984"}],"curies":[{"name":"wp","href":"https:\/\/api.w.org\/{rel}","templated":true}]}}